{"id":1332,"date":"2018-07-10T09:37:51","date_gmt":"2018-07-10T13:07:51","guid":{"rendered":"http:\/\/www.dgm.ufla.br\/site\/?page_id=1332"},"modified":"2018-08-02T16:20:21","modified_gmt":"2018-08-02T19:50:21","slug":"rdc-02-2018-reforma-e-ampliacao-do-predio-da-microbiologia-dbi","status":"publish","type":"page","link":"http:\/\/www.dgm.ufla.br\/site\/licitacao-ufla\/2018-2\/rdc\/rdc-02-2018-reforma-e-ampliacao-do-predio-da-microbiologia-dbi\/","title":{"rendered":"RDC 02\/2018 &#8211; Reforma e Amplia\u00e7\u00e3o do Pr\u00e9dio da Microbiologia &#8211; DBI"},"content":{"rendered":"<p>Contrata\u00e7\u00e3o de empresa especializada para a Reforma e Amplia\u00e7\u00e3o do Pr\u00e9dio da\u00a0 Microbiologia Agr\u00edcola do Departamento de Biologia &#8211; DBI, a pedido da Pr\u00f3-Reitoria de Infraestrutura e Log\u00edstica &#8211; PROINFRA da Universidade Federal de Lavras, conforme especifica\u00e7\u00f5es e quantitativos estabelecidos no Projeto B\u00e1sico, no Memorial Descritivo, na Planilha Or\u00e7ament\u00e1ria e nos demais Anexos do Edital.<\/p>\n<ul>\n<li><a href=\"http:\/\/www.comprasgovernamentais.gov.br\/edital\/153032-99-2-2018\">Edital RDC 02\/2018 &#8211; Reforma e Amplia\u00e7\u00e3o do Pr\u00e9dio da Microbiologia &#8211; DBI <\/a><\/li>\n<li><a href=\"http:\/\/www.dgm.ufla.br\/site\/wp-content\/uploads\/2018\/08\/Documentos-Habilita\u00e7\u00e3o-e-mail-02082018-PROMECON.zip\" target=\"_blank\" rel=\"noopener\">Documentos de habilita\u00e7\u00e3o enviados por e-mail pela empresa PROMECON<\/a><\/li>\n<li><a href=\"http:\/\/www.dgm.ufla.br\/site\/wp-content\/uploads\/2018\/08\/E-mail-empresa-LAFAENG-SOLUCOES-CORPORATIVAS-EIRELI.pdf\" target=\"_blank\" rel=\"noopener\">E-mail recebido pela empresa LAFAENG SOLUCOES CORPORATIVAS EIRELI<\/a><\/li>\n<\/ul>\n","protected":false},"excerpt":{"rendered":"<p>Contrata\u00e7\u00e3o de empresa especializada para a Reforma e Amplia\u00e7\u00e3o do Pr\u00e9dio da\u00a0 Microbiologia Agr\u00edcola do Departamento de Biologia &#8211; DBI, a pedido da Pr\u00f3-Reitoria de Infraestrutura e Log\u00edstica &#8211; PROINFRA da Universidade Federal de Lavras, conforme especifica\u00e7\u00f5es e quantitativos estabelecidos no Projeto B\u00e1sico, no Memorial Descritivo, na Planilha Or\u00e7ament\u00e1ria e nos demais Anexos do Edital. &hellip; <a href=\"http:\/\/www.dgm.ufla.br\/site\/licitacao-ufla\/2018-2\/rdc\/rdc-02-2018-reforma-e-ampliacao-do-predio-da-microbiologia-dbi\/\" class=\"more-link\">Continue lendo <span class=\"screen-reader-text\">RDC 02\/2018 &#8211; Reforma e Amplia\u00e7\u00e3o do Pr\u00e9dio da Microbiologia &#8211; DBI<\/span> <span class=\"meta-nav\">&rarr;<\/span><\/a><\/p>\n","protected":false},"author":6,"featured_media":0,"parent":1319,"menu_order":0,"comment_status":"closed","ping_status":"closed","template":"","meta":[],"_links":{"self":[{"href":"http:\/\/www.dgm.ufla.br\/site\/wp-json\/wp\/v2\/pages\/1332"}],"collection":[{"href":"http:\/\/www.dgm.ufla.br\/site\/wp-json\/wp\/v2\/pages"}],"about":[{"href":"http:\/\/www.dgm.ufla.br\/site\/wp-json\/wp\/v2\/types\/page"}],"author":[{"embeddable":true,"href":"http:\/\/www.dgm.ufla.br\/site\/wp-json\/wp\/v2\/users\/6"}],"replies":[{"embeddable":true,"href":"http:\/\/www.dgm.ufla.br\/site\/wp-json\/wp\/v2\/comments?post=1332"}],"version-history":[{"count":8,"href":"http:\/\/www.dgm.ufla.br\/site\/wp-json\/wp\/v2\/pages\/1332\/revisions"}],"predecessor-version":[{"id":1375,"href":"http:\/\/www.dgm.ufla.br\/site\/wp-json\/wp\/v2\/pages\/1332\/revisions\/1375"}],"up":[{"embeddable":true,"href":"http:\/\/www.dgm.ufla.br\/site\/wp-json\/wp\/v2\/pages\/1319"}],"wp:attachment":[{"href":"http:\/\/www.dgm.ufla.br\/site\/wp-json\/wp\/v2\/media?parent=1332"}],"curies":[{"name":"wp","href":"https:\/\/api.w.org\/{rel}","templated":true}]}}