{"id":1351,"date":"2018-07-18T15:53:09","date_gmt":"2018-07-18T19:23:09","guid":{"rendered":"http:\/\/www.dgm.ufla.br\/site\/?page_id=1351"},"modified":"2018-08-31T15:03:59","modified_gmt":"2018-08-31T18:33:59","slug":"rdc-04-2018-remanescente-da-obra-do-predio-da-geologia-dcs","status":"publish","type":"page","link":"http:\/\/www.dgm.ufla.br\/site\/licitacao-ufla\/2018-2\/rdc\/rdc-04-2018-remanescente-da-obra-do-predio-da-geologia-dcs\/","title":{"rendered":"RDC 04\/2018 \u2013 Remanescente da Obra do Pr\u00e9dio da Geologia &#8211; DCS"},"content":{"rendered":"<p style=\"text-align: left;\">Contrata\u00e7\u00e3o de empresa especializada para a constru\u00e7\u00e3o do remanescente<br \/>\nda obra do Pr\u00e9dio da Geologia do Departamento de Ci\u00eancias do Solo &#8211; DCS, a pedido<br \/>\nda Pr\u00f3-Reitoria de Infraestrutura e Log\u00edstica &#8211; PROINFRA da Universidade Federal de<br \/>\nLavras, conforme especifica\u00e7\u00f5es e quantitativos estabelecidos no Projeto B\u00e1sico, no<br \/>\nMemorial Descritivo, na Planilha Or\u00e7ament\u00e1ria e nos demais Anexos deste Edital.<\/p>\n<ul>\n<li><a href=\"http:\/\/www.comprasnet.gov.br\/acesso.asp?url=\/edital-153032-99-4-2018\">Edital RDC 04\/2018 \u2013 Remanescente da Obra do Pr\u00e9dio da Geologia &#8211; DCS\u00a0<\/a><\/li>\n<\/ul>\n<p>DOCUMENTOS DE HABILITA\u00c7\u00c3O ENVIADOS PELA EMPRESA PROMECON LTDA EM 13\/08\/2018 via e-mail:<\/p>\n<ul>\n<li><a href=\"http:\/\/www.dgm.ufla.br\/arquivos\/Arquivos_Habilitacao_promecon__email.rar\">Arquivos_Habilitacao_promecon__email<\/a><\/li>\n<\/ul>\n<p>&nbsp;<\/p>\n","protected":false},"excerpt":{"rendered":"<p>Contrata\u00e7\u00e3o de empresa especializada para a constru\u00e7\u00e3o do remanescente da obra do Pr\u00e9dio da Geologia do Departamento de Ci\u00eancias do Solo &#8211; DCS, a pedido da Pr\u00f3-Reitoria de Infraestrutura e Log\u00edstica &#8211; PROINFRA da Universidade Federal de Lavras, conforme especifica\u00e7\u00f5es e quantitativos estabelecidos no Projeto B\u00e1sico, no Memorial Descritivo, na Planilha Or\u00e7ament\u00e1ria e nos demais &hellip; <a href=\"http:\/\/www.dgm.ufla.br\/site\/licitacao-ufla\/2018-2\/rdc\/rdc-04-2018-remanescente-da-obra-do-predio-da-geologia-dcs\/\" class=\"more-link\">Continue lendo <span class=\"screen-reader-text\">RDC 04\/2018 \u2013 Remanescente da Obra do Pr\u00e9dio da Geologia &#8211; DCS<\/span> <span class=\"meta-nav\">&rarr;<\/span><\/a><\/p>\n","protected":false},"author":6,"featured_media":0,"parent":1319,"menu_order":0,"comment_status":"closed","ping_status":"closed","template":"","meta":[],"_links":{"self":[{"href":"http:\/\/www.dgm.ufla.br\/site\/wp-json\/wp\/v2\/pages\/1351"}],"collection":[{"href":"http:\/\/www.dgm.ufla.br\/site\/wp-json\/wp\/v2\/pages"}],"about":[{"href":"http:\/\/www.dgm.ufla.br\/site\/wp-json\/wp\/v2\/types\/page"}],"author":[{"embeddable":true,"href":"http:\/\/www.dgm.ufla.br\/site\/wp-json\/wp\/v2\/users\/6"}],"replies":[{"embeddable":true,"href":"http:\/\/www.dgm.ufla.br\/site\/wp-json\/wp\/v2\/comments?post=1351"}],"version-history":[{"count":4,"href":"http:\/\/www.dgm.ufla.br\/site\/wp-json\/wp\/v2\/pages\/1351\/revisions"}],"predecessor-version":[{"id":1385,"href":"http:\/\/www.dgm.ufla.br\/site\/wp-json\/wp\/v2\/pages\/1351\/revisions\/1385"}],"up":[{"embeddable":true,"href":"http:\/\/www.dgm.ufla.br\/site\/wp-json\/wp\/v2\/pages\/1319"}],"wp:attachment":[{"href":"http:\/\/www.dgm.ufla.br\/site\/wp-json\/wp\/v2\/media?parent=1351"}],"curies":[{"name":"wp","href":"https:\/\/api.w.org\/{rel}","templated":true}]}}