{"id":1354,"date":"2018-07-18T16:08:23","date_gmt":"2018-07-18T19:38:23","guid":{"rendered":"http:\/\/www.dgm.ufla.br\/site\/?page_id=1354"},"modified":"2018-08-31T15:16:28","modified_gmt":"2018-08-31T18:46:28","slug":"rdc-05-2018-reforma-e-ampliacao-da-biblioteca-universitaria","status":"publish","type":"page","link":"http:\/\/www.dgm.ufla.br\/site\/licitacao-ufla\/2018-2\/rdc\/rdc-05-2018-reforma-e-ampliacao-da-biblioteca-universitaria\/","title":{"rendered":"RDC 05\/2018 &#8211; Reforma e Amplia\u00e7\u00e3o da Biblioteca Universit\u00e1ria"},"content":{"rendered":"<p>Contrata\u00e7\u00e3o de empresa especializada para a reforma e amplia\u00e7\u00e3o da<br \/>\nBiblioteca Universit\u00e1ria, a pedido da Pr\u00f3-Reitoria de Infraestrutura e Log\u00edstica &#8211;<br \/>\nPROINFRA da Universidade Federal de Lavras &#8211; UFLA, conforme especifica\u00e7\u00f5es e<br \/>\nquantitativos estabelecidos no Projeto B\u00e1sico, no Memorial Descritivo, na Planilha<br \/>\nOr\u00e7ament\u00e1ria e nos demais Anexos deste Edital.<\/p>\n<ul>\n<li><a href=\"http:\/\/www.comprasnet.gov.br\/acesso.asp?url=\/edital-153032-99-5-2018\">Edital RDC 05\/2018 &#8211; Reforma e Amplia\u00e7\u00e3o da Biblioteca Universit\u00e1ria<\/a><\/li>\n<li><a href=\"http:\/\/www.dgm.ufla.br\/site\/wp-content\/uploads\/2018\/08\/An\u00e1lise-Proposta-Gomes-Pimentel-CPL.xlsx\">An\u00e1lise Proposta Gomes Pimentel &#8211; CPL<\/a> (22\/08\/2018)<\/li>\n<li><a href=\"http:\/\/www.dgm.ufla.br\/site\/wp-content\/uploads\/2018\/08\/An\u00e1lise-Proposta-Gomes-Pimentel-CPL-Rev1.xlsx\">An\u00e1lise Proposta Gomes Pimentel &#8211; CPL Rev1<\/a> (22\/08\/2018 &#8211; com corre\u00e7\u00e3o do equ\u00edvoco de confer\u00eancia no item 4.5)<\/li>\n<li><a href=\"http:\/\/www.dgm.ufla.br\/site\/wp-content\/uploads\/2018\/08\/Docs_Habilita\u00e7\u00e3o_enviados_por_Email_GomesPimentel.zip\">Docs_Habilita\u00e7\u00e3o_enviados_por_Email_GomesPimentel<\/a> (23\/08\/2018)<\/li>\n<\/ul>\n","protected":false},"excerpt":{"rendered":"<p>Contrata\u00e7\u00e3o de empresa especializada para a reforma e amplia\u00e7\u00e3o da Biblioteca Universit\u00e1ria, a pedido da Pr\u00f3-Reitoria de Infraestrutura e Log\u00edstica &#8211; PROINFRA da Universidade Federal de Lavras &#8211; UFLA, conforme especifica\u00e7\u00f5es e quantitativos estabelecidos no Projeto B\u00e1sico, no Memorial Descritivo, na Planilha Or\u00e7ament\u00e1ria e nos demais Anexos deste Edital. Edital RDC 05\/2018 &#8211; Reforma e &hellip; <a href=\"http:\/\/www.dgm.ufla.br\/site\/licitacao-ufla\/2018-2\/rdc\/rdc-05-2018-reforma-e-ampliacao-da-biblioteca-universitaria\/\" class=\"more-link\">Continue lendo <span class=\"screen-reader-text\">RDC 05\/2018 &#8211; Reforma e Amplia\u00e7\u00e3o da Biblioteca Universit\u00e1ria<\/span> <span class=\"meta-nav\">&rarr;<\/span><\/a><\/p>\n","protected":false},"author":6,"featured_media":0,"parent":1319,"menu_order":0,"comment_status":"closed","ping_status":"closed","template":"","meta":[],"_links":{"self":[{"href":"http:\/\/www.dgm.ufla.br\/site\/wp-json\/wp\/v2\/pages\/1354"}],"collection":[{"href":"http:\/\/www.dgm.ufla.br\/site\/wp-json\/wp\/v2\/pages"}],"about":[{"href":"http:\/\/www.dgm.ufla.br\/site\/wp-json\/wp\/v2\/types\/page"}],"author":[{"embeddable":true,"href":"http:\/\/www.dgm.ufla.br\/site\/wp-json\/wp\/v2\/users\/6"}],"replies":[{"embeddable":true,"href":"http:\/\/www.dgm.ufla.br\/site\/wp-json\/wp\/v2\/comments?post=1354"}],"version-history":[{"count":6,"href":"http:\/\/www.dgm.ufla.br\/site\/wp-json\/wp\/v2\/pages\/1354\/revisions"}],"predecessor-version":[{"id":1413,"href":"http:\/\/www.dgm.ufla.br\/site\/wp-json\/wp\/v2\/pages\/1354\/revisions\/1413"}],"up":[{"embeddable":true,"href":"http:\/\/www.dgm.ufla.br\/site\/wp-json\/wp\/v2\/pages\/1319"}],"wp:attachment":[{"href":"http:\/\/www.dgm.ufla.br\/site\/wp-json\/wp\/v2\/media?parent=1354"}],"curies":[{"name":"wp","href":"https:\/\/api.w.org\/{rel}","templated":true}]}}