{"id":1441,"date":"2018-09-25T09:31:09","date_gmt":"2018-09-25T13:01:09","guid":{"rendered":"http:\/\/www.dgm.ufla.br\/site\/?page_id=1441"},"modified":"2018-10-19T14:03:38","modified_gmt":"2018-10-19T17:33:38","slug":"rdc-07-2018-remanescente-parque-tecnologico","status":"publish","type":"page","link":"http:\/\/www.dgm.ufla.br\/site\/licitacao-ufla\/2018-2\/rdc\/rdc-07-2018-remanescente-parque-tecnologico\/","title":{"rendered":"RDC 07\/2018 &#8211; Remanescente Parque Tecnol\u00f3gico"},"content":{"rendered":"<p>Contrata\u00e7\u00e3o de empresa especializada para a constru\u00e7\u00e3o do remanescente de obra do Parque Tecnol\u00f3gico &#8211; Lavrastec, a pedido da Pr\u00f3-Reitoria de Infraestrutura e Log\u00edstica &#8211; PROINFRA da Universidade Federal de Lavras &#8211; UFLA, conforme especifica\u00e7\u00f5es e quantitativos estabelecidos no Projeto B\u00e1sico, no Memorial Descritivo, na Planilha Or\u00e7ament\u00e1ria e nos demais Anexos do Edital.<\/p>\n<ul>\n<li><a href=\"http:\/\/www.comprasnet.gov.br\/acesso.asp?url=\/edital-153032-99-7-2018\">Edital &#8211; RDC 07\/2018 &#8211; Remanescente Parque Tecnol\u00f3gico<\/a><\/li>\n<li><a href=\"http:\/\/www.dgm.ufla.br\/site\/wp-content\/uploads\/2018\/09\/03-AnexoIII-Projetos.zip\">Anexo III &#8211; Projetos<\/a><\/li>\n<li><a href=\"http:\/\/www.dgm.ufla.br\/site\/wp-content\/uploads\/2018\/10\/Documentos_PROMECON.zip\">Documentos_de_Habilita\u00e7\u00e3o_enviados_por_e-mail_Promecon <\/a>(19\/10\/2018)<\/li>\n<\/ul>\n<p>&nbsp;<\/p>\n","protected":false},"excerpt":{"rendered":"<p>Contrata\u00e7\u00e3o de empresa especializada para a constru\u00e7\u00e3o do remanescente de obra do Parque Tecnol\u00f3gico &#8211; Lavrastec, a pedido da Pr\u00f3-Reitoria de Infraestrutura e Log\u00edstica &#8211; PROINFRA da Universidade Federal de Lavras &#8211; UFLA, conforme especifica\u00e7\u00f5es e quantitativos estabelecidos no Projeto B\u00e1sico, no Memorial Descritivo, na Planilha Or\u00e7ament\u00e1ria e nos demais Anexos do Edital. Edital &#8211; &hellip; <a href=\"http:\/\/www.dgm.ufla.br\/site\/licitacao-ufla\/2018-2\/rdc\/rdc-07-2018-remanescente-parque-tecnologico\/\" class=\"more-link\">Continue lendo <span class=\"screen-reader-text\">RDC 07\/2018 &#8211; Remanescente Parque Tecnol\u00f3gico<\/span> <span class=\"meta-nav\">&rarr;<\/span><\/a><\/p>\n","protected":false},"author":6,"featured_media":0,"parent":1319,"menu_order":0,"comment_status":"closed","ping_status":"closed","template":"","meta":[],"_links":{"self":[{"href":"http:\/\/www.dgm.ufla.br\/site\/wp-json\/wp\/v2\/pages\/1441"}],"collection":[{"href":"http:\/\/www.dgm.ufla.br\/site\/wp-json\/wp\/v2\/pages"}],"about":[{"href":"http:\/\/www.dgm.ufla.br\/site\/wp-json\/wp\/v2\/types\/page"}],"author":[{"embeddable":true,"href":"http:\/\/www.dgm.ufla.br\/site\/wp-json\/wp\/v2\/users\/6"}],"replies":[{"embeddable":true,"href":"http:\/\/www.dgm.ufla.br\/site\/wp-json\/wp\/v2\/comments?post=1441"}],"version-history":[{"count":10,"href":"http:\/\/www.dgm.ufla.br\/site\/wp-json\/wp\/v2\/pages\/1441\/revisions"}],"predecessor-version":[{"id":1504,"href":"http:\/\/www.dgm.ufla.br\/site\/wp-json\/wp\/v2\/pages\/1441\/revisions\/1504"}],"up":[{"embeddable":true,"href":"http:\/\/www.dgm.ufla.br\/site\/wp-json\/wp\/v2\/pages\/1319"}],"wp:attachment":[{"href":"http:\/\/www.dgm.ufla.br\/site\/wp-json\/wp\/v2\/media?parent=1441"}],"curies":[{"name":"wp","href":"https:\/\/api.w.org\/{rel}","templated":true}]}}