{"id":1466,"date":"2018-10-08T14:04:04","date_gmt":"2018-10-08T17:34:04","guid":{"rendered":"http:\/\/www.dgm.ufla.br\/site\/?page_id=1466"},"modified":"2019-02-11T13:30:57","modified_gmt":"2019-02-11T17:00:57","slug":"rdc-09-2018-construcao-do-pavilhao-de-aulas-no-campus-paraiso-situado-em-sao-sebastiao-do-paraiso-mg","status":"publish","type":"page","link":"http:\/\/www.dgm.ufla.br\/site\/licitacao-ufla\/2018-2\/rdc\/rdc-09-2018-construcao-do-pavilhao-de-aulas-no-campus-paraiso-situado-em-sao-sebastiao-do-paraiso-mg\/","title":{"rendered":"RDC 09\/2018 &#8211; Constru\u00e7\u00e3o do Pavilh\u00e3o de Aulas no Campus Para\u00edso situado em S\u00e3o Sebasti\u00e3o do Para\u00edso (MG)"},"content":{"rendered":"<p>Constru\u00e7\u00e3o do Pavilh\u00e3o de Aulas no Campus Para\u00edso situado em S\u00e3o Sebasti\u00e3o do Para\u00edso (MG), a pedido da Pr\u00f3-Reitoria de Infraestrutura e Log\u00edstica &#8211; PROINFRA da Universidade Federal de Lavras &#8211; UFLA, conforme especifica\u00e7\u00f5es e quantitativos estabelecidos no Projeto B\u00e1sico, no Memorial Descritivo, na Planilha Or\u00e7ament\u00e1ria e nos demais Anexos do Edital.<\/p>\n<ul>\n<li><a href=\"http:\/\/www.comprasnet.gov.br\/acesso.asp?url=\/edital-153032-99-9-2018\">Edital &#8211; RDC 09\/2018 &#8211; Constru\u00e7\u00e3o do Pavilh\u00e3o de Aulas no Campus Para\u00edso situado em S\u00e3o Sebasti\u00e3o do Para\u00edso (MG)<\/a><\/li>\n<\/ul>\n","protected":false},"excerpt":{"rendered":"<p>Constru\u00e7\u00e3o do Pavilh\u00e3o de Aulas no Campus Para\u00edso situado em S\u00e3o Sebasti\u00e3o do Para\u00edso (MG), a pedido da Pr\u00f3-Reitoria de Infraestrutura e Log\u00edstica &#8211; PROINFRA da Universidade Federal de Lavras &#8211; UFLA, conforme especifica\u00e7\u00f5es e quantitativos estabelecidos no Projeto B\u00e1sico, no Memorial Descritivo, na Planilha Or\u00e7ament\u00e1ria e nos demais Anexos do Edital. Edital &#8211; RDC &hellip; <a href=\"http:\/\/www.dgm.ufla.br\/site\/licitacao-ufla\/2018-2\/rdc\/rdc-09-2018-construcao-do-pavilhao-de-aulas-no-campus-paraiso-situado-em-sao-sebastiao-do-paraiso-mg\/\" class=\"more-link\">Continue lendo <span class=\"screen-reader-text\">RDC 09\/2018 &#8211; Constru\u00e7\u00e3o do Pavilh\u00e3o de Aulas no Campus Para\u00edso situado em S\u00e3o Sebasti\u00e3o do Para\u00edso (MG)<\/span> <span class=\"meta-nav\">&rarr;<\/span><\/a><\/p>\n","protected":false},"author":6,"featured_media":0,"parent":1319,"menu_order":0,"comment_status":"closed","ping_status":"closed","template":"","meta":[],"_links":{"self":[{"href":"http:\/\/www.dgm.ufla.br\/site\/wp-json\/wp\/v2\/pages\/1466"}],"collection":[{"href":"http:\/\/www.dgm.ufla.br\/site\/wp-json\/wp\/v2\/pages"}],"about":[{"href":"http:\/\/www.dgm.ufla.br\/site\/wp-json\/wp\/v2\/types\/page"}],"author":[{"embeddable":true,"href":"http:\/\/www.dgm.ufla.br\/site\/wp-json\/wp\/v2\/users\/6"}],"replies":[{"embeddable":true,"href":"http:\/\/www.dgm.ufla.br\/site\/wp-json\/wp\/v2\/comments?post=1466"}],"version-history":[{"count":4,"href":"http:\/\/www.dgm.ufla.br\/site\/wp-json\/wp\/v2\/pages\/1466\/revisions"}],"predecessor-version":[{"id":1471,"href":"http:\/\/www.dgm.ufla.br\/site\/wp-json\/wp\/v2\/pages\/1466\/revisions\/1471"}],"up":[{"embeddable":true,"href":"http:\/\/www.dgm.ufla.br\/site\/wp-json\/wp\/v2\/pages\/1319"}],"wp:attachment":[{"href":"http:\/\/www.dgm.ufla.br\/site\/wp-json\/wp\/v2\/media?parent=1466"}],"curies":[{"name":"wp","href":"https:\/\/api.w.org\/{rel}","templated":true}]}}