{"id":1488,"date":"2018-10-18T17:30:35","date_gmt":"2018-10-18T21:00:35","guid":{"rendered":"http:\/\/www.dgm.ufla.br\/site\/?page_id=1488"},"modified":"2019-02-11T13:30:57","modified_gmt":"2019-02-11T17:00:57","slug":"rdc-12-2018-construcao-do-galpao-de-logistica-no-campus-paraiso","status":"publish","type":"page","link":"http:\/\/www.dgm.ufla.br\/site\/licitacao-ufla\/2018-2\/rdc\/rdc-12-2018-construcao-do-galpao-de-logistica-no-campus-paraiso\/","title":{"rendered":"RDC 12\/2018 &#8211; Constru\u00e7\u00e3o do Galp\u00e3o de Log\u00edstica no Campus Para\u00edso"},"content":{"rendered":"<div id=\"estrutura\">\n<div id=\"corpo\">\n<form id=\"form\" action=\"\/rdc-eletronico\/public\/consultarLicitacoes.jsf\" enctype=\"application\/x-www-form-urlencoded\" method=\"post\" name=\"form\">\n<div id=\"form:j_idt217:dlgDetalheLic\" class=\"ui-dialog ui-widget ui-widget-content ui-corner-all ui-shadow painelLicitacaoLinkDetalharDialog ui-overlay-visible\">\n<div class=\"ui-dialog-content ui-widget-content\">\n<p class=\"duplo\">Contrata\u00e7\u00e3o de empresa especializada para a constru\u00e7\u00e3o do Galp\u00e3o de Log\u00edstica no Campus Para\u00edso situado em S\u00e3o Sebasti\u00e3o do Para\u00edso (MG), a pedido da Pr\u00f3-Reitoria de Infraestrutura e Log\u00edstica &#8211; PROINFRA da Universidade Federal de Lavras &#8211; UFLA, conforme especifica\u00e7\u00f5es e quantitativos estabelecidos no Projeto B\u00e1sico, no Memorial Descritivo, na Planilha Or\u00e7ament\u00e1ria e nos demais Anexos do Edital.<\/p>\n<ul>\n<li><a href=\"http:\/\/www.comprasnet.gov.br\/acesso.asp?url=\/edital-153032-99-12-2018\">Edital RDC 12\/2018 &#8211; Constru\u00e7\u00e3o do Galp\u00e3o de Log\u00edstica no Campus Para\u00edso situado em S\u00e3o Sebasti\u00e3o do Para\u00edso (MG).<\/a><\/li>\n<li><a href=\"http:\/\/www.dgm.ufla.br\/site\/wp-content\/uploads\/2018\/11\/Documentos_de_Habilita\u00e7\u00e3o_enviados_por_email-Construtora-Diniz.zip\">Documentos_de_Habilita\u00e7\u00e3o_enviados_por_email Construtora Diniz Ltda<\/a><\/li>\n<\/ul>\n<\/div>\n<\/div>\n<\/form>\n<\/div>\n<\/div>\n","protected":false},"excerpt":{"rendered":"<p>Contrata\u00e7\u00e3o de empresa especializada para a constru\u00e7\u00e3o do Galp\u00e3o de Log\u00edstica no Campus Para\u00edso situado em S\u00e3o Sebasti\u00e3o do Para\u00edso (MG), a pedido da Pr\u00f3-Reitoria de Infraestrutura e Log\u00edstica &#8211; PROINFRA da Universidade Federal de Lavras &#8211; UFLA, conforme especifica\u00e7\u00f5es e quantitativos estabelecidos no Projeto B\u00e1sico, no Memorial Descritivo, na Planilha Or\u00e7ament\u00e1ria e nos demais &hellip; <a href=\"http:\/\/www.dgm.ufla.br\/site\/licitacao-ufla\/2018-2\/rdc\/rdc-12-2018-construcao-do-galpao-de-logistica-no-campus-paraiso\/\" class=\"more-link\">Continue lendo <span class=\"screen-reader-text\">RDC 12\/2018 &#8211; Constru\u00e7\u00e3o do Galp\u00e3o de Log\u00edstica no Campus Para\u00edso<\/span> <span class=\"meta-nav\">&rarr;<\/span><\/a><\/p>\n","protected":false},"author":6,"featured_media":0,"parent":1319,"menu_order":0,"comment_status":"closed","ping_status":"closed","template":"","meta":[],"_links":{"self":[{"href":"http:\/\/www.dgm.ufla.br\/site\/wp-json\/wp\/v2\/pages\/1488"}],"collection":[{"href":"http:\/\/www.dgm.ufla.br\/site\/wp-json\/wp\/v2\/pages"}],"about":[{"href":"http:\/\/www.dgm.ufla.br\/site\/wp-json\/wp\/v2\/types\/page"}],"author":[{"embeddable":true,"href":"http:\/\/www.dgm.ufla.br\/site\/wp-json\/wp\/v2\/users\/6"}],"replies":[{"embeddable":true,"href":"http:\/\/www.dgm.ufla.br\/site\/wp-json\/wp\/v2\/comments?post=1488"}],"version-history":[{"count":6,"href":"http:\/\/www.dgm.ufla.br\/site\/wp-json\/wp\/v2\/pages\/1488\/revisions"}],"predecessor-version":[{"id":1579,"href":"http:\/\/www.dgm.ufla.br\/site\/wp-json\/wp\/v2\/pages\/1488\/revisions\/1579"}],"up":[{"embeddable":true,"href":"http:\/\/www.dgm.ufla.br\/site\/wp-json\/wp\/v2\/pages\/1319"}],"wp:attachment":[{"href":"http:\/\/www.dgm.ufla.br\/site\/wp-json\/wp\/v2\/media?parent=1488"}],"curies":[{"name":"wp","href":"https:\/\/api.w.org\/{rel}","templated":true}]}}