{"id":1560,"date":"2018-11-07T10:30:36","date_gmt":"2018-11-07T14:00:36","guid":{"rendered":"http:\/\/www.dgm.ufla.br\/site\/?page_id=1560"},"modified":"2019-02-11T13:30:57","modified_gmt":"2019-02-11T17:00:57","slug":"rdc-17-2018-construcao-do-campo-society-e-quadra-poliesportiva-no-campus-paraiso","status":"publish","type":"page","link":"http:\/\/www.dgm.ufla.br\/site\/licitacao-ufla\/2018-2\/rdc\/rdc-17-2018-construcao-do-campo-society-e-quadra-poliesportiva-no-campus-paraiso\/","title":{"rendered":"RDC 17\/2018 &#8211; Constru\u00e7\u00e3o do Campo Society e Quadra Poliesportiva no Campus Para\u00edso"},"content":{"rendered":"<p>Constru\u00e7\u00e3o do Campo Society e Quadra Poliesportiva no Campus Para\u00edso situado em S\u00e3o Sebasti\u00e3o do Para\u00edso (MG), a pedido da Pr\u00f3-Reitoria de Infraestrutura e Log\u00edstica &#8211; PROINFRA da Universidade Federal de Lavras &#8211; UFLA, conforme especifica\u00e7\u00f5es e quantitativos estabelecidos no Projeto B\u00e1sico, no Memorial Descritivo, na Planilha Or\u00e7ament\u00e1ria e nos demais Anexos do Edital.<\/p>\n<ul>\n<li><a href=\"http:\/\/www.comprasnet.gov.br\/acesso.asp?url=\/edital-153032-99-17-2018\">Edital RDC 17\/2018 &#8211; Constru\u00e7\u00e3o do Campo Society e Quadra Poliesportiva no Campus Para\u00edso situado em S\u00e3o Sebasti\u00e3o do Para\u00edso (MG)<\/a><\/li>\n<\/ul>\n","protected":false},"excerpt":{"rendered":"<p>Constru\u00e7\u00e3o do Campo Society e Quadra Poliesportiva no Campus Para\u00edso situado em S\u00e3o Sebasti\u00e3o do Para\u00edso (MG), a pedido da Pr\u00f3-Reitoria de Infraestrutura e Log\u00edstica &#8211; PROINFRA da Universidade Federal de Lavras &#8211; UFLA, conforme especifica\u00e7\u00f5es e quantitativos estabelecidos no Projeto B\u00e1sico, no Memorial Descritivo, na Planilha Or\u00e7ament\u00e1ria e nos demais Anexos do Edital. Edital &hellip; <a href=\"http:\/\/www.dgm.ufla.br\/site\/licitacao-ufla\/2018-2\/rdc\/rdc-17-2018-construcao-do-campo-society-e-quadra-poliesportiva-no-campus-paraiso\/\" class=\"more-link\">Continue lendo <span class=\"screen-reader-text\">RDC 17\/2018 &#8211; Constru\u00e7\u00e3o do Campo Society e Quadra Poliesportiva no Campus Para\u00edso<\/span> <span class=\"meta-nav\">&rarr;<\/span><\/a><\/p>\n","protected":false},"author":6,"featured_media":0,"parent":1319,"menu_order":0,"comment_status":"closed","ping_status":"closed","template":"","meta":[],"_links":{"self":[{"href":"http:\/\/www.dgm.ufla.br\/site\/wp-json\/wp\/v2\/pages\/1560"}],"collection":[{"href":"http:\/\/www.dgm.ufla.br\/site\/wp-json\/wp\/v2\/pages"}],"about":[{"href":"http:\/\/www.dgm.ufla.br\/site\/wp-json\/wp\/v2\/types\/page"}],"author":[{"embeddable":true,"href":"http:\/\/www.dgm.ufla.br\/site\/wp-json\/wp\/v2\/users\/6"}],"replies":[{"embeddable":true,"href":"http:\/\/www.dgm.ufla.br\/site\/wp-json\/wp\/v2\/comments?post=1560"}],"version-history":[{"count":2,"href":"http:\/\/www.dgm.ufla.br\/site\/wp-json\/wp\/v2\/pages\/1560\/revisions"}],"predecessor-version":[{"id":1562,"href":"http:\/\/www.dgm.ufla.br\/site\/wp-json\/wp\/v2\/pages\/1560\/revisions\/1562"}],"up":[{"embeddable":true,"href":"http:\/\/www.dgm.ufla.br\/site\/wp-json\/wp\/v2\/pages\/1319"}],"wp:attachment":[{"href":"http:\/\/www.dgm.ufla.br\/site\/wp-json\/wp\/v2\/media?parent=1560"}],"curies":[{"name":"wp","href":"https:\/\/api.w.org\/{rel}","templated":true}]}}