{"id":1592,"date":"2018-11-30T09:03:51","date_gmt":"2018-11-30T12:33:51","guid":{"rendered":"http:\/\/www.dgm.ufla.br\/site\/?page_id=1592"},"modified":"2019-02-11T13:30:57","modified_gmt":"2019-02-11T17:00:57","slug":"rdc-14-2018-construcao-da-infraestrutura-do-data-center-no-predio-da-diretoria-de-gestao-de-tecnologia-da-informacao","status":"publish","type":"page","link":"http:\/\/www.dgm.ufla.br\/site\/licitacao-ufla\/2018-2\/rdc\/rdc-14-2018-construcao-da-infraestrutura-do-data-center-no-predio-da-diretoria-de-gestao-de-tecnologia-da-informacao\/","title":{"rendered":"RDC 14\/2018 &#8211; Constru\u00e7\u00e3o da Infraestrutura do Data Center no pr\u00e9dio da Diretoria de Gest\u00e3o de Tecnologia da Informa\u00e7\u00e3o"},"content":{"rendered":"<p>Constru\u00e7\u00e3o da Infraestrutura do Data Center no pr\u00e9dio da DGTI, a pedido da Diretoria de Gest\u00e3o de Tecnologia da Informa\u00e7\u00e3o &#8211; DGTI da Universidade Federal de Lavras &#8211; UFLA, conforme especifica\u00e7\u00f5es e quantitativos estabelecidos no Projeto B\u00e1sico, no Memorial Descritivo, na Planilha Or\u00e7ament\u00e1ria e nos demais Anexos do Edital.<\/p>\n<ul>\n<li style=\"text-align: left;\"><a href=\"http:\/\/www.comprasnet.gov.br\/acesso.asp?url=\/edital-153032-99-14-2018\">Edital RDC 14\/2018 &#8211; Constru\u00e7\u00e3o da Infraestrutura do Data Center no Pr\u00e9dio da DGTI<\/a><\/li>\n<li style=\"text-align: left;\"><a href=\"http:\/\/www.dgm.ufla.br\/site\/wp-content\/uploads\/2018\/12\/Documentos-de-Habilita\u00e7\u00e3o-1.zip\">Documentos de Habilita\u00e7\u00e3o enviados por e-mail LCSTECH COMERCIAL LTDA (12\/12\/2018)<\/a><\/li>\n<li><a href=\"http:\/\/www.dgm.ufla.br\/site\/wp-content\/uploads\/2018\/12\/Projeto-de-Cabeamento-Estruturado-Dilig\u00eancia-2.zip\">Projeto de Cabeamento Estruturado &#8211; Dilig\u00eancia<\/a><\/li>\n<li><a href=\"http:\/\/www.dgm.ufla.br\/site\/wp-content\/uploads\/2019\/01\/Memorando-023.2018-Pedido-de-An\u00e1lise-T\u00e9cnica.pdf\">Memorando 023.2018 &#8211; Pedido de An\u00e1lise T\u00e9cnica<\/a><\/li>\n<li><a href=\"http:\/\/www.dgm.ufla.br\/site\/wp-content\/uploads\/2019\/01\/Resposta-ao-Memorando-023.2018.pdf\">DGTI-Resposta ao Memorando 023.2018<\/a><\/li>\n<li><a href=\"http:\/\/www.dgm.ufla.br\/site\/wp-content\/uploads\/2019\/01\/Memorando-024.2018-Pedido-de-Parecer-T\u00e9cnico.pdf\">Memorando 024.2018 &#8211; Pedido de Parecer T\u00e9cnico<\/a><\/li>\n<li><a href=\"http:\/\/www.dgm.ufla.br\/site\/wp-content\/uploads\/2019\/01\/DGTI-Despacaho-Resposta-Memorando-024.2018.pdf\">DGTI-Despacho Resposta ao Memorando 024.2018<\/a><\/li>\n<li><a href=\"http:\/\/www.dgm.ufla.br\/site\/wp-content\/uploads\/2019\/01\/RDC-14.2018-DataCenter-DILIG\u00caNCIA.pdf\">RDC 14.2018 &#8211; DataCenter &#8211; (DILIG\u00caNCIA)<\/a><\/li>\n<li><a href=\"http:\/\/www.dgm.ufla.br\/site\/wp-content\/uploads\/2019\/01\/Resposta-DILIG\u00caNCIA.pdf\">Resposta (DILIG\u00caNCIA)<\/a><\/li>\n<\/ul>\n","protected":false},"excerpt":{"rendered":"<p>Constru\u00e7\u00e3o da Infraestrutura do Data Center no pr\u00e9dio da DGTI, a pedido da Diretoria de Gest\u00e3o de Tecnologia da Informa\u00e7\u00e3o &#8211; DGTI da Universidade Federal de Lavras &#8211; UFLA, conforme especifica\u00e7\u00f5es e quantitativos estabelecidos no Projeto B\u00e1sico, no Memorial Descritivo, na Planilha Or\u00e7ament\u00e1ria e nos demais Anexos do Edital. Edital RDC 14\/2018 &#8211; Constru\u00e7\u00e3o da &hellip; <a href=\"http:\/\/www.dgm.ufla.br\/site\/licitacao-ufla\/2018-2\/rdc\/rdc-14-2018-construcao-da-infraestrutura-do-data-center-no-predio-da-diretoria-de-gestao-de-tecnologia-da-informacao\/\" class=\"more-link\">Continue lendo <span class=\"screen-reader-text\">RDC 14\/2018 &#8211; Constru\u00e7\u00e3o da Infraestrutura do Data Center no pr\u00e9dio da Diretoria de Gest\u00e3o de Tecnologia da Informa\u00e7\u00e3o<\/span> <span class=\"meta-nav\">&rarr;<\/span><\/a><\/p>\n","protected":false},"author":6,"featured_media":0,"parent":1319,"menu_order":0,"comment_status":"closed","ping_status":"closed","template":"","meta":[],"_links":{"self":[{"href":"http:\/\/www.dgm.ufla.br\/site\/wp-json\/wp\/v2\/pages\/1592"}],"collection":[{"href":"http:\/\/www.dgm.ufla.br\/site\/wp-json\/wp\/v2\/pages"}],"about":[{"href":"http:\/\/www.dgm.ufla.br\/site\/wp-json\/wp\/v2\/types\/page"}],"author":[{"embeddable":true,"href":"http:\/\/www.dgm.ufla.br\/site\/wp-json\/wp\/v2\/users\/6"}],"replies":[{"embeddable":true,"href":"http:\/\/www.dgm.ufla.br\/site\/wp-json\/wp\/v2\/comments?post=1592"}],"version-history":[{"count":16,"href":"http:\/\/www.dgm.ufla.br\/site\/wp-json\/wp\/v2\/pages\/1592\/revisions"}],"predecessor-version":[{"id":1632,"href":"http:\/\/www.dgm.ufla.br\/site\/wp-json\/wp\/v2\/pages\/1592\/revisions\/1632"}],"up":[{"embeddable":true,"href":"http:\/\/www.dgm.ufla.br\/site\/wp-json\/wp\/v2\/pages\/1319"}],"wp:attachment":[{"href":"http:\/\/www.dgm.ufla.br\/site\/wp-json\/wp\/v2\/media?parent=1592"}],"curies":[{"name":"wp","href":"https:\/\/api.w.org\/{rel}","templated":true}]}}