{"id":1733,"date":"2019-07-18T12:03:05","date_gmt":"2019-07-18T15:33:05","guid":{"rendered":"http:\/\/www.dgm.ufla.br\/site\/?page_id=1733"},"modified":"2019-07-18T12:11:15","modified_gmt":"2019-07-18T15:41:15","slug":"rdc-2-2019-construcao-da-biblioteca-no-campus-paraiso","status":"publish","type":"page","link":"http:\/\/www.dgm.ufla.br\/site\/rdc-2-2019-construcao-da-biblioteca-no-campus-paraiso\/","title":{"rendered":"RDC  2\/2019 \u2013 constru\u00e7\u00e3o da Biblioteca no Campus Para\u00edso situado em S\u00e3o Sebasti\u00e3o do Para\u00edso (MG)"},"content":{"rendered":"<p>Contrata\u00e7\u00e3o de empresa especializada para constru\u00e7\u00e3o da Biblioteca no Campus Para\u00edso situado em S\u00e3o Sebasti\u00e3o do Para\u00edso (MG), a pedido da Pr\u00f3-Reitoria de Infraestrutura e Log\u00edstica &#8211; PROINFRA da Universidade Federal de Lavras &#8211; UFLA, conforme especifica\u00e7\u00f5es e quantitativos estabelecidos no Projeto B\u00e1sico, no Memorial Descritivo, na Planilha Or\u00e7ament\u00e1ria e nos demais Anexos do Edital.<\/p>\n<ul>\n<li><a href=\"http:\/\/www.comprasnet.gov.br\/acesso.asp?url=\/edital-153032-99-2-2019\">Edital RDC 2\/2019 &#8211; Contrata\u00e7\u00e3o de empresa especializada para constru\u00e7\u00e3o da Biblioteca no Campus Para\u00edso situado em S\u00e3o Sebasti\u00e3o do Para\u00edso (MG)<\/a><\/li>\n<\/ul>\n","protected":false},"excerpt":{"rendered":"<p>Contrata\u00e7\u00e3o de empresa especializada para constru\u00e7\u00e3o da Biblioteca no Campus Para\u00edso situado em S\u00e3o Sebasti\u00e3o do Para\u00edso (MG), a pedido da Pr\u00f3-Reitoria de Infraestrutura e Log\u00edstica &#8211; PROINFRA da Universidade Federal de Lavras &#8211; UFLA, conforme especifica\u00e7\u00f5es e quantitativos estabelecidos no Projeto B\u00e1sico, no Memorial Descritivo, na Planilha Or\u00e7ament\u00e1ria e nos demais Anexos do Edital. &hellip; <a href=\"http:\/\/www.dgm.ufla.br\/site\/rdc-2-2019-construcao-da-biblioteca-no-campus-paraiso\/\" class=\"more-link\">Continue lendo <span class=\"screen-reader-text\">RDC  2\/2019 \u2013 constru\u00e7\u00e3o da Biblioteca no Campus Para\u00edso situado em S\u00e3o Sebasti\u00e3o do Para\u00edso (MG)<\/span> <span class=\"meta-nav\">&rarr;<\/span><\/a><\/p>\n","protected":false},"author":6,"featured_media":0,"parent":0,"menu_order":0,"comment_status":"closed","ping_status":"closed","template":"","meta":[],"_links":{"self":[{"href":"http:\/\/www.dgm.ufla.br\/site\/wp-json\/wp\/v2\/pages\/1733"}],"collection":[{"href":"http:\/\/www.dgm.ufla.br\/site\/wp-json\/wp\/v2\/pages"}],"about":[{"href":"http:\/\/www.dgm.ufla.br\/site\/wp-json\/wp\/v2\/types\/page"}],"author":[{"embeddable":true,"href":"http:\/\/www.dgm.ufla.br\/site\/wp-json\/wp\/v2\/users\/6"}],"replies":[{"embeddable":true,"href":"http:\/\/www.dgm.ufla.br\/site\/wp-json\/wp\/v2\/comments?post=1733"}],"version-history":[{"count":4,"href":"http:\/\/www.dgm.ufla.br\/site\/wp-json\/wp\/v2\/pages\/1733\/revisions"}],"predecessor-version":[{"id":1737,"href":"http:\/\/www.dgm.ufla.br\/site\/wp-json\/wp\/v2\/pages\/1733\/revisions\/1737"}],"wp:attachment":[{"href":"http:\/\/www.dgm.ufla.br\/site\/wp-json\/wp\/v2\/media?parent=1733"}],"curies":[{"name":"wp","href":"https:\/\/api.w.org\/{rel}","templated":true}]}}