{"id":1821,"date":"2020-01-22T14:35:32","date_gmt":"2020-01-22T18:05:32","guid":{"rendered":"http:\/\/www.dgm.ufla.br\/site\/?page_id=1821"},"modified":"2020-01-22T14:36:02","modified_gmt":"2020-01-22T18:06:02","slug":"rdc-4-2019-construcao-do-remanescente-da-obra-do-centro-de-ciencias-ambientais-e-ecologia-aplicada","status":"publish","type":"page","link":"http:\/\/www.dgm.ufla.br\/site\/rdc-4-2019-construcao-do-remanescente-da-obra-do-centro-de-ciencias-ambientais-e-ecologia-aplicada\/","title":{"rendered":"RDC 4\/2019 &#8211; Constru\u00e7\u00e3o do Remanescente da Obra do Centro de Ci\u00eancias Ambientais e Ecologia Aplicada"},"content":{"rendered":"<p>Contrata\u00e7\u00e3o de empresa especializada para a constru\u00e7\u00e3o do remanescente de obra do Centro de Ci\u00eancias Ambientais e Ecologia Aplicada, a pedido da Pr\u00f3-Reitoria de Infraestrutura e Log\u00edstica &#8211; PROINFRA da Universidade Federal de Lavras &#8211; UFLA, conforme especifica\u00e7\u00f5es e quantitativos estabelecidos no Projeto B\u00e1sico, no Memorial Descritivo, na Planilha Or\u00e7ament\u00e1ria e nos demais Anexos do Edital.<\/p>\n<ul>\n<li><a href=\"http:\/\/www.comprasnet.gov.br\/acesso.asp?url=\/edital-153032-99-4-2019\">Edital RDC 4\/2019<\/a><\/li>\n<\/ul>\n","protected":false},"excerpt":{"rendered":"<p>Contrata\u00e7\u00e3o de empresa especializada para a constru\u00e7\u00e3o do remanescente de obra do Centro de Ci\u00eancias Ambientais e Ecologia Aplicada, a pedido da Pr\u00f3-Reitoria de Infraestrutura e Log\u00edstica &#8211; PROINFRA da Universidade Federal de Lavras &#8211; UFLA, conforme especifica\u00e7\u00f5es e quantitativos estabelecidos no Projeto B\u00e1sico, no Memorial Descritivo, na Planilha Or\u00e7ament\u00e1ria e nos demais Anexos do &hellip; <a href=\"http:\/\/www.dgm.ufla.br\/site\/rdc-4-2019-construcao-do-remanescente-da-obra-do-centro-de-ciencias-ambientais-e-ecologia-aplicada\/\" class=\"more-link\">Continue lendo <span class=\"screen-reader-text\">RDC 4\/2019 &#8211; Constru\u00e7\u00e3o do Remanescente da Obra do Centro de Ci\u00eancias Ambientais e Ecologia Aplicada<\/span> <span class=\"meta-nav\">&rarr;<\/span><\/a><\/p>\n","protected":false},"author":6,"featured_media":0,"parent":0,"menu_order":0,"comment_status":"closed","ping_status":"closed","template":"","meta":[],"_links":{"self":[{"href":"http:\/\/www.dgm.ufla.br\/site\/wp-json\/wp\/v2\/pages\/1821"}],"collection":[{"href":"http:\/\/www.dgm.ufla.br\/site\/wp-json\/wp\/v2\/pages"}],"about":[{"href":"http:\/\/www.dgm.ufla.br\/site\/wp-json\/wp\/v2\/types\/page"}],"author":[{"embeddable":true,"href":"http:\/\/www.dgm.ufla.br\/site\/wp-json\/wp\/v2\/users\/6"}],"replies":[{"embeddable":true,"href":"http:\/\/www.dgm.ufla.br\/site\/wp-json\/wp\/v2\/comments?post=1821"}],"version-history":[{"count":1,"href":"http:\/\/www.dgm.ufla.br\/site\/wp-json\/wp\/v2\/pages\/1821\/revisions"}],"predecessor-version":[{"id":1822,"href":"http:\/\/www.dgm.ufla.br\/site\/wp-json\/wp\/v2\/pages\/1821\/revisions\/1822"}],"wp:attachment":[{"href":"http:\/\/www.dgm.ufla.br\/site\/wp-json\/wp\/v2\/media?parent=1821"}],"curies":[{"name":"wp","href":"https:\/\/api.w.org\/{rel}","templated":true}]}}