{"id":2093,"date":"2020-10-26T13:33:32","date_gmt":"2020-10-26T17:03:32","guid":{"rendered":"http:\/\/www.dgm.ufla.br\/site\/?page_id=2093"},"modified":"2020-10-26T15:09:05","modified_gmt":"2020-10-26T18:39:05","slug":"rdc-2-2020","status":"publish","type":"page","link":"http:\/\/www.dgm.ufla.br\/site\/rdc-2-2020\/","title":{"rendered":"RDC 2\/2020"},"content":{"rendered":"\n<figure class=\"wp-block-table\"><table><tbody><tr><td>Contrata\u00e7\u00e3o de empresa especializada para a constru\u00e7\u00e3o do Pr\u00e9dio do Departamento de Administra\u00e7\u00e3o P\u00fablica, realizados em conformidade com as normas vigentes e condi\u00e7\u00f5es, quantidades e exig\u00eancias estabelecidas no Edital, a pedido da Pr\u00f3-Reitoria de Infraestrutura e Log\u00edstica &#8211; PROINFRA da Universidade Federal de Lavras &#8211; UFLA, conforme especifica\u00e7\u00f5es e quantitativos estabelecidos no Projeto B\u00e1sico, no Memorial Descritivo, na Planilha Or\u00e7ament\u00e1ria e nos demais anexos do Edital.<\/td><\/tr><\/tbody><\/table><\/figure>\n\n\n\n<p><a href=\"http:\/\/www.comprasnet.gov.br\/acesso.asp?url=\/edital-153032-99-2-2020\">Edital RDC 2\/2020<\/a><\/p>\n\n\n\n<p><a href=\"http:\/\/www.dgm.ufla.br\/site\/wp-content\/uploads\/2020\/10\/1-E-mail-de-Construtora-Pilar-Ltda-para-UFLA-Habilita%C3%A7%C3%A3o-RDC-02_2020.pdf\">e-mail enviado pela empresa Construtora Pilar Ltda.pdf<\/a><\/p>\n\n\n\n<p><a href=\"http:\/\/www.dgm.ufla.br\/site\/wp-content\/uploads\/habilitacao.zip\">Documentos de habilita\u00e7\u00e3o da empresa  Construtora Pilar Ltda.<\/a><\/p>\n\n\n\n<p><\/p>\n\n\n\n<p><\/p>\n","protected":false},"excerpt":{"rendered":"<p>Contrata\u00e7\u00e3o de empresa especializada para a constru\u00e7\u00e3o do Pr\u00e9dio do Departamento de Administra\u00e7\u00e3o P\u00fablica, realizados em conformidade com as normas vigentes e condi\u00e7\u00f5es, quantidades e exig\u00eancias estabelecidas no Edital, a pedido da Pr\u00f3-Reitoria de Infraestrutura e Log\u00edstica &#8211; PROINFRA da Universidade Federal de Lavras &#8211; UFLA, conforme especifica\u00e7\u00f5es e quantitativos estabelecidos no Projeto B\u00e1sico, no &hellip; <a href=\"http:\/\/www.dgm.ufla.br\/site\/rdc-2-2020\/\" class=\"more-link\">Continue lendo <span class=\"screen-reader-text\">RDC 2\/2020<\/span> <span class=\"meta-nav\">&rarr;<\/span><\/a><\/p>\n","protected":false},"author":6,"featured_media":0,"parent":0,"menu_order":0,"comment_status":"closed","ping_status":"closed","template":"","meta":[],"_links":{"self":[{"href":"http:\/\/www.dgm.ufla.br\/site\/wp-json\/wp\/v2\/pages\/2093"}],"collection":[{"href":"http:\/\/www.dgm.ufla.br\/site\/wp-json\/wp\/v2\/pages"}],"about":[{"href":"http:\/\/www.dgm.ufla.br\/site\/wp-json\/wp\/v2\/types\/page"}],"author":[{"embeddable":true,"href":"http:\/\/www.dgm.ufla.br\/site\/wp-json\/wp\/v2\/users\/6"}],"replies":[{"embeddable":true,"href":"http:\/\/www.dgm.ufla.br\/site\/wp-json\/wp\/v2\/comments?post=2093"}],"version-history":[{"count":12,"href":"http:\/\/www.dgm.ufla.br\/site\/wp-json\/wp\/v2\/pages\/2093\/revisions"}],"predecessor-version":[{"id":2161,"href":"http:\/\/www.dgm.ufla.br\/site\/wp-json\/wp\/v2\/pages\/2093\/revisions\/2161"}],"wp:attachment":[{"href":"http:\/\/www.dgm.ufla.br\/site\/wp-json\/wp\/v2\/media?parent=2093"}],"curies":[{"name":"wp","href":"https:\/\/api.w.org\/{rel}","templated":true}]}}