{"id":237,"date":"2016-02-22T16:36:36","date_gmt":"2016-02-22T20:06:36","guid":{"rendered":"http:\/\/www.dgm.ufla.br\/site\/?page_id=237"},"modified":"2017-02-10T10:02:33","modified_gmt":"2017-02-10T13:32:33","slug":"tomada-de-precos-2015","status":"publish","type":"page","link":"http:\/\/www.dgm.ufla.br\/site\/licitacao-ufla\/2015-3\/tomada-de-precos-2015\/","title":{"rendered":"Tomada de Pre\u00e7os"},"content":{"rendered":"<p><a href=\"http:\/\/www.dgm.ufla.br\/site\/wp-content\/uploads\/2016\/02\/TP-004.15-Presta\u00e7\u00e3o-de-servi\u00e7os-de-engenharia-visando-\u00e0-elabora\u00e7\u00e3o-de-projetos-b\u00e1sicos-e-executivos.zip\" rel=\"\">TP 004.15 &#8211; Presta\u00e7\u00e3o de servi\u00e7os de engenharia visando \u00e0 elabora\u00e7\u00e3o de projetos b\u00e1sicos e executivos<\/a><\/p>\n<p>&nbsp;<\/p>\n","protected":false},"excerpt":{"rendered":"<p>TP 004.15 &#8211; Presta\u00e7\u00e3o de servi\u00e7os de engenharia visando \u00e0 elabora\u00e7\u00e3o de projetos b\u00e1sicos e executivos &nbsp;<\/p>\n","protected":false},"author":3,"featured_media":0,"parent":189,"menu_order":0,"comment_status":"closed","ping_status":"closed","template":"","meta":[],"_links":{"self":[{"href":"http:\/\/www.dgm.ufla.br\/site\/wp-json\/wp\/v2\/pages\/237"}],"collection":[{"href":"http:\/\/www.dgm.ufla.br\/site\/wp-json\/wp\/v2\/pages"}],"about":[{"href":"http:\/\/www.dgm.ufla.br\/site\/wp-json\/wp\/v2\/types\/page"}],"author":[{"embeddable":true,"href":"http:\/\/www.dgm.ufla.br\/site\/wp-json\/wp\/v2\/users\/3"}],"replies":[{"embeddable":true,"href":"http:\/\/www.dgm.ufla.br\/site\/wp-json\/wp\/v2\/comments?post=237"}],"version-history":[{"count":3,"href":"http:\/\/www.dgm.ufla.br\/site\/wp-json\/wp\/v2\/pages\/237\/revisions"}],"predecessor-version":[{"id":426,"href":"http:\/\/www.dgm.ufla.br\/site\/wp-json\/wp\/v2\/pages\/237\/revisions\/426"}],"up":[{"embeddable":true,"href":"http:\/\/www.dgm.ufla.br\/site\/wp-json\/wp\/v2\/pages\/189"}],"wp:attachment":[{"href":"http:\/\/www.dgm.ufla.br\/site\/wp-json\/wp\/v2\/media?parent=237"}],"curies":[{"name":"wp","href":"https:\/\/api.w.org\/{rel}","templated":true}]}}