{"id":4,"date":"2013-06-04T18:55:40","date_gmt":"2013-06-04T18:55:40","guid":{"rendered":"http:\/\/www.dgm.ufla.br\/site\/?page_id=4"},"modified":"2016-02-22T16:11:12","modified_gmt":"2016-02-22T19:41:12","slug":"sobre-a-diretoria","status":"publish","type":"page","link":"http:\/\/www.dgm.ufla.br\/site\/sobre-a-diretoria\/","title":{"rendered":"Sobre a Diretoria"},"content":{"rendered":"<p style=\"text-align: justify;\">A Diretoria de Gest\u00e3o de Materiais, designada pela sigla DGM, \u00e9 vinculada \u00e0 Superintend\u00eancia de Gest\u00e3o da PROPLAG, e tem a finalidade de desenvolver as atividades de gest\u00e3o referentes \u00e0 aquisi\u00e7\u00e3o e gest\u00e3o administrativa de material e servi\u00e7os da UFLA.<\/p>\n<p style=\"text-align: justify;\">\u00a0A DGM tem por finalidade prestar suporte e orienta\u00e7\u00e3o \u00e0 aquisi\u00e7\u00e3o de materiais, na forma de bens permanentes e de consumo, e contrata\u00e7\u00e3o de servi\u00e7os, seguindo a legisla\u00e7\u00e3o espec\u00edfica, bem como propor e orientar a pol\u00edtica administrativa de aquisi\u00e7\u00e3o, armazenamento e distribui\u00e7\u00e3o de material e o patrim\u00f4nio da universidade, obedecidos os preceitos legais e as determina\u00e7\u00f5es dos \u00f3rg\u00e3os superiores.<\/p>\n<p style=\"text-align: justify;\">A DGM ser\u00e1 composta pela seguinte estrutura administrativa:<\/p>\n<ul>\n<li>Diretoria;<\/li>\n<li>Secretaria Administrativa;<\/li>\n<li>Setor de Processamento de Dados;<\/li>\n<li>Coordenadoria de Compras, Aliena\u00e7\u00e3o e Vendas: \u00a0 \u00a0 \u00a0 \u00a0 \u00a0 \u00a0 \u00a0 \u00a0 \u00a0 \u00a0 \u00a0 \u00a0 \u00a0 \u00a0 \u00a0 \u00a0 \u00a0 \u00a0 \u00a0 \u00a0 \u00a0 \u00a0 \u00a0 \u00a0 \u00a0 \u00a0 \u00a0 \u00a0 \u00a0 \u00a0 \u00a0 \u00a0 \u00a0 a) Setor de Licita\u00e7\u00e3o;<br \/>\nb) Setor de Cadastro;<br \/>\nc) Setor de Importa\u00e7\u00e3o;<br \/>\nd) Assessoria de Pregoeiros.<\/li>\n<\/ul>\n<p>&nbsp;<\/p>\n<ul>\n<li style=\"text-align: justify;\"><a href=\"http:\/\/www.dgm.ufla.br\/site\/wp-content\/uploads\/2013\/06\/Regimento-Interno-DGM.pdf\" rel=\"\">Regimento Interno DGM<\/a><\/li>\n<\/ul>\n<p style=\"text-align: justify;\">\n","protected":false},"excerpt":{"rendered":"<p>A Diretoria de Gest\u00e3o de Materiais, designada pela sigla DGM, \u00e9 vinculada \u00e0 Superintend\u00eancia de Gest\u00e3o da PROPLAG, e tem a finalidade de desenvolver as atividades de gest\u00e3o referentes \u00e0 aquisi\u00e7\u00e3o e gest\u00e3o administrativa de material e servi\u00e7os da UFLA. \u00a0A DGM tem por finalidade prestar suporte e orienta\u00e7\u00e3o \u00e0 aquisi\u00e7\u00e3o de materiais, na forma &hellip; <a href=\"http:\/\/www.dgm.ufla.br\/site\/sobre-a-diretoria\/\" class=\"more-link\">Continue lendo <span class=\"screen-reader-text\">Sobre a Diretoria<\/span> <span class=\"meta-nav\">&rarr;<\/span><\/a><\/p>\n","protected":false},"author":5,"featured_media":0,"parent":0,"menu_order":0,"comment_status":"closed","ping_status":"closed","template":"","meta":[],"_links":{"self":[{"href":"http:\/\/www.dgm.ufla.br\/site\/wp-json\/wp\/v2\/pages\/4"}],"collection":[{"href":"http:\/\/www.dgm.ufla.br\/site\/wp-json\/wp\/v2\/pages"}],"about":[{"href":"http:\/\/www.dgm.ufla.br\/site\/wp-json\/wp\/v2\/types\/page"}],"author":[{"embeddable":true,"href":"http:\/\/www.dgm.ufla.br\/site\/wp-json\/wp\/v2\/users\/5"}],"replies":[{"embeddable":true,"href":"http:\/\/www.dgm.ufla.br\/site\/wp-json\/wp\/v2\/comments?post=4"}],"version-history":[{"count":10,"href":"http:\/\/www.dgm.ufla.br\/site\/wp-json\/wp\/v2\/pages\/4\/revisions"}],"predecessor-version":[{"id":226,"href":"http:\/\/www.dgm.ufla.br\/site\/wp-json\/wp\/v2\/pages\/4\/revisions\/226"}],"wp:attachment":[{"href":"http:\/\/www.dgm.ufla.br\/site\/wp-json\/wp\/v2\/media?parent=4"}],"curies":[{"name":"wp","href":"https:\/\/api.w.org\/{rel}","templated":true}]}}