{"id":472,"date":"2016-06-16T16:48:15","date_gmt":"2016-06-16T20:18:15","guid":{"rendered":"http:\/\/www.dgm.ufla.br\/site\/?page_id=472"},"modified":"2017-02-10T10:05:16","modified_gmt":"2017-02-10T13:35:16","slug":"tomada-de-precos-2016","status":"publish","type":"page","link":"http:\/\/www.dgm.ufla.br\/site\/licitacao-ufla\/2016-3\/tomada-de-precos-2016\/","title":{"rendered":"Tomada de Pre\u00e7os"},"content":{"rendered":"<p><a href=\"http:\/\/www.dgm.ufla.br\/site\/wp-content\/uploads\/2016\/06\/TP-001.16-Presta\u00e7\u00e3o-de-servi\u00e7os-de-engenharia-visando-\u00e0-elabora\u00e7\u00e3o-de-projetos-b\u00e1sico-e-executivo-complementar-da-obra-do-Centro-de-Eventos..zip\">TP 001.16 &#8211; Presta\u00e7\u00e3o de servi\u00e7os de engenharia visando \u00e0 elabora\u00e7\u00e3o de projetos b\u00e1sico e executivo complementar da obra do Centro de Eventos.<\/a><\/p>\n","protected":false},"excerpt":{"rendered":"<p>TP 001.16 &#8211; Presta\u00e7\u00e3o de servi\u00e7os de engenharia visando \u00e0 elabora\u00e7\u00e3o de projetos b\u00e1sico e executivo complementar da obra do Centro de Eventos.<\/p>\n","protected":false},"author":3,"featured_media":0,"parent":191,"menu_order":0,"comment_status":"closed","ping_status":"closed","template":"","meta":[],"_links":{"self":[{"href":"http:\/\/www.dgm.ufla.br\/site\/wp-json\/wp\/v2\/pages\/472"}],"collection":[{"href":"http:\/\/www.dgm.ufla.br\/site\/wp-json\/wp\/v2\/pages"}],"about":[{"href":"http:\/\/www.dgm.ufla.br\/site\/wp-json\/wp\/v2\/types\/page"}],"author":[{"embeddable":true,"href":"http:\/\/www.dgm.ufla.br\/site\/wp-json\/wp\/v2\/users\/3"}],"replies":[{"embeddable":true,"href":"http:\/\/www.dgm.ufla.br\/site\/wp-json\/wp\/v2\/comments?post=472"}],"version-history":[{"count":2,"href":"http:\/\/www.dgm.ufla.br\/site\/wp-json\/wp\/v2\/pages\/472\/revisions"}],"predecessor-version":[{"id":476,"href":"http:\/\/www.dgm.ufla.br\/site\/wp-json\/wp\/v2\/pages\/472\/revisions\/476"}],"up":[{"embeddable":true,"href":"http:\/\/www.dgm.ufla.br\/site\/wp-json\/wp\/v2\/pages\/191"}],"wp:attachment":[{"href":"http:\/\/www.dgm.ufla.br\/site\/wp-json\/wp\/v2\/media?parent=472"}],"curies":[{"name":"wp","href":"https:\/\/api.w.org\/{rel}","templated":true}]}}