{"id":728,"date":"2017-02-09T09:13:04","date_gmt":"2017-02-09T12:43:04","guid":{"rendered":"http:\/\/www.dgm.ufla.br\/site\/?page_id=728"},"modified":"2018-02-27T10:55:49","modified_gmt":"2018-02-27T14:25:49","slug":"pregoes-eletronicos-2017","status":"publish","type":"page","link":"http:\/\/www.dgm.ufla.br\/site\/licitacao-ufla\/e2017\/pregoes-eletronicos-2017\/","title":{"rendered":"Preg\u00f5es Eletr\u00f4nicos"},"content":{"rendered":"<p><strong>TRADICIONAL\u00a0<\/strong><\/p>\n<p><a href=\"http:\/\/www.dgm.ufla.br\/site\/wp-content\/uploads\/2017\/02\/PE-002.17-Presta\u00e7\u00e3o-continuada-de-Servi\u00e7o-de-Telefonia-Fixa-Comutada-STFC.pdf\">PE 002.17 &#8211; Presta\u00e7\u00e3o continuada de Servi\u00e7o de Telefonia Fixa Comutada &#8211; STFC<\/a>. \u00a0<strong>(ENCERRADO &#8211; SEM VENCEDOR).<br \/>\n<\/strong><a href=\"http:\/\/www.dgm.ufla.br\/site\/wp-content\/uploads\/2017\/02\/PE-003.17-Presta\u00e7\u00e3o-dos-servi\u00e7os-de-manuten\u00e7\u00e3o-preventiva-e-manuten\u00e7\u00e3o-corretiva-de-equipamentos-odontol\u00f3gicos-com-fornecimentos-de-pe\u00e7as.-1.pdf\">PE 003.17 &#8211; Presta\u00e7\u00e3o dos servi\u00e7os de manuten\u00e7\u00e3o preventiva e manuten\u00e7\u00e3o corretiva de equipamentos odontol\u00f3gicos com fornecimentos de pe\u00e7as.<\/a><strong><br \/>\n<\/strong><a href=\"http:\/\/www.dgm.ufla.br\/site\/wp-content\/uploads\/2017\/02\/PE-008.17-Presta\u00e7\u00e3o-continuada-de-servi\u00e7o-de-telefonia-fixa-comutada-STFC..pdf\">PE 008.17 &#8211; Presta\u00e7\u00e3o continuada de servi\u00e7o de telefonia fixa comutada STFC.<\/a><br \/>\n<a href=\"http:\/\/www.dgm.ufla.br\/site\/wp-content\/uploads\/2017\/02\/PE-010.17-Presta\u00e7\u00e3o-dos-servi\u00e7os-de-gerenciamento-de-pagamento-de-fornecimento-de-combust\u00edveis-para-ve\u00edculos-m\u00e1quinas-e-implementos-agr\u00edcolas-e-para-ve\u00edculos-locados-e-outros-a-servi\u00e7o-da-UFLA.-1.zip\">PE 010.17 &#8211; Presta\u00e7\u00e3o dos servi\u00e7os de gerenciamento de pagamento de fornecimento de combust\u00edveis para ve\u00edculos, m\u00e1quinas e implementos agr\u00edcolas e para ve\u00edculos locados e outros a servi\u00e7o da UFLA.<br \/>\n<\/a><a href=\"http:\/\/www.dgm.ufla.br\/site\/wp-content\/uploads\/2017\/02\/PE-013.17-Servi\u00e7os-de-Plano-de-Seguro-de-Acidentes-pessoais-coletivos.-2.pdf\">PE 013.17 &#8211; Servi\u00e7os de Plano de Seguro de Acidentes pessoais coletivos. <span style=\"color: #000000;\"><strong>(ENCERRADO &#8211; SEM VENCEDOR)<\/strong><\/span><\/a><a href=\"http:\/\/www.dgm.ufla.br\/site\/wp-content\/uploads\/2017\/02\/PE-TRAD-24.17-Presta\u00e7\u00e3o-dos-servi\u00e7os-de-servi\u00e7o-comum-de-manuten\u00e7\u00e3o-reforma-e-estrutura\u00e7\u00e3o-em-casas-de-vegeta\u00e7\u00e3o-estufas-e-telados-nos-setores-Horto-Bot\u00e2nico-e-Floricultura-e-Paisagismo.pdf\"><br \/>\n<\/a><a href=\"http:\/\/www.dgm.ufla.br\/site\/wp-content\/uploads\/2017\/02\/PE-TRAD-023-2017-Presta\u00e7\u00e3o-dos-servi\u00e7os-de-serralheria-para-a-constru\u00e7\u00e3o-de-G\u00f4ndolas-e-Port\u00e3o-Met\u00e1lico.pdf\">PE 023.2017 &#8211; Presta\u00e7\u00e3o dos servi\u00e7os de serralheria para a constru\u00e7\u00e3o de G\u00f4ndolas e Port\u00e3o Met\u00e1lico.<br \/>\n<\/a><a href=\"http:\/\/www.dgm.ufla.br\/site\/wp-content\/uploads\/2017\/02\/PE-TRAD-24.17-Presta\u00e7\u00e3o-dos-servi\u00e7os-de-servi\u00e7o-comum-de-manuten\u00e7\u00e3o-reforma-e-estrutura\u00e7\u00e3o-em-casas-de-vegeta\u00e7\u00e3o-estufas-e-telados-nos-setores-Horto-Bot\u00e2nico-e-Floricultura-e-Paisagismo.pdf\">PE\u00a0 024.17 &#8211; Presta\u00e7\u00e3o dos servi\u00e7os de servi\u00e7o comum de manuten\u00e7\u00e3o, reforma e estrutura\u00e7\u00e3o em casas de vegeta\u00e7\u00e3o, estufas e telados nos setores (Horto Bot\u00e2nico) e (Floricultura e Paisagismo),<br \/>\n<\/a><a href=\"http:\/\/www.dgm.ufla.br\/site\/wp-content\/uploads\/2017\/02\/PE-25-Concess\u00e3o-de-Uso-para-Restaurante.2017-atualizado.pdf\">PE\u00a0 025.17 &#8211; Contrata\u00e7\u00e3o de empresa especializada com vistas \u00e0 presta\u00e7\u00e3o dos servi\u00e7os de restaurante, com fornecimento de alimenta\u00e7\u00e3o pelo modo self service, em regime de concess\u00e3o de uso de espa\u00e7o p\u00fablico.<br \/>\n<\/a><a href=\"http:\/\/www.dgm.ufla.br\/site\/wp-content\/uploads\/2017\/02\/PE-029.17-Presta\u00e7\u00e3o-dos-servi\u00e7os-de-plano-de-seguro-de-acidentes-pessoais-coletivos..zip\">PE 029.17 &#8211; Presta\u00e7\u00e3o dos servi\u00e7os de plano de seguro de acidentes pessoais coletivos.<br \/>\n<\/a><a href=\"http:\/\/www.dgm.ufla.br\/site\/wp-content\/uploads\/2017\/02\/EDITAL-PE-38-2017.pdf\">PE 038.17 &#8211; Presta\u00e7\u00e3o dos servi\u00e7os de manuten\u00e7\u00e3o corretiva e\u00a0 de manuten\u00e7\u00e3o preventiva de equipamentos odontol\u00f3gicos com fornecimento de pe\u00e7as.<br \/>\n<\/a><a href=\"http:\/\/www.dgm.ufla.br\/site\/wp-content\/uploads\/2017\/02\/PE-45-Contrata\u00e7\u00e3o-de-servi\u00e7o-de-sal\u00e3o-de-beleza-unissex.pdf\">PE 045.17 &#8211; Contrata\u00e7\u00e3o de servi\u00e7o de sal\u00e3o de beleza unissex em regime de concess\u00e3o de uso de espa\u00e7o p\u00fablico.<br \/>\n<\/a><a href=\"http:\/\/www.dgm.ufla.br\/site\/wp-content\/uploads\/2017\/02\/PE-063.17-Servi\u00e7os-de-manuten\u00e7\u00e3o-da-caldeira-do-secador-de-madeira-e-de-manuten\u00e7\u00e3o-de-caldeira-a-g\u00e1s-e-de-vasos-pressurizados..pdf\">PE 063.17 &#8211; Presta\u00e7\u00e3o dos servi\u00e7os de manuten\u00e7\u00e3o da caldeira do secador de madeira e de manuten\u00e7\u00e3o de caldeira a g\u00e1s e de vasos pressurizados.<br \/>\n<\/a><a href=\"http:\/\/www.dgm.ufla.br\/site\/wp-content\/uploads\/2017\/11\/PE-075.17-Contrata\u00e7\u00e3o-de-empresas-especializadas-com-vistas-\u00e0-aquisi\u00e7\u00e3o-e-disponibiliza\u00e7\u00e3o-de-e-books-em-plataformas..pdf\">PE 075.17 &#8211; Contrata\u00e7\u00e3o de empresas especializadas com vistas \u00e0 aquisi\u00e7\u00e3o e disponibiliza\u00e7\u00e3o de e-books em plataforma(s).<\/a><\/p>\n<p>&nbsp;<\/p>\n<p>&nbsp;<\/p>\n<p><strong>\u00a0SISTEMA DE REGISTRO DE PRE\u00c7OS (SRP)<\/strong><\/p>\n<p><a href=\"http:\/\/www.dgm.ufla.br\/site\/wp-content\/uploads\/2017\/02\/PE-SRP-001.17-Fornecimento-de-pneus-e-detergente-para-ve\u00edculos..pdf\">PE SRP 001.17 &#8211; Fornecimento de pneus e detergente para ve\u00edculos.<\/a><br \/>\n<a href=\"http:\/\/www.dgm.ufla.br\/site\/wp-content\/uploads\/2017\/02\/PE-SRP-004.17-Fornecimento-de-insumos-da-constru\u00e7\u00e3o-civil-da-Tabela-SINAPI..pdf\">PE SRP 004.17 &#8211; Fornecimento de insumos da constru\u00e7\u00e3o civil da Tabela SINAPI.<\/a><br \/>\n<a href=\"http:\/\/www.dgm.ufla.br\/site\/wp-content\/uploads\/2017\/02\/PE-SRP-005.17-Fornecimento-de-g\u00e1s-liquefeito-de-petr\u00f3leo-GLP-45Kg..pdf\">PE SRP 005.17 &#8211; Fornecimento de g\u00e1s liquefeito de petr\u00f3leo (GLP) 45Kg.<\/a><br \/>\n<a href=\"http:\/\/www.dgm.ufla.br\/site\/wp-content\/uploads\/2017\/02\/PE-SRP-006.17-Presta\u00e7\u00e3o-dos-servi\u00e7os-de-tradu\u00e7\u00e3o-t\u00e9cnico-cient\u00edfica-de-artigos-cient\u00edficos.-1.pdf\">PE SRP 006.17 &#8211; Presta\u00e7\u00e3o dos servi\u00e7os de tradu\u00e7\u00e3o t\u00e9cnico-cient\u00edfica de artigos cient\u00edficos.<\/a><br \/>\n<a href=\"http:\/\/www.dgm.ufla.br\/site\/wp-content\/uploads\/2017\/02\/PE-SRP-007.17-Fornecimento-de-materiais-de-limpeza-e-produtos-de-higieniza\u00e7\u00e3o..pdf\">PE SRP 007.17 &#8211; Fornecimento de materiais de limpeza e produtos de higieniza\u00e7\u00e3o.<\/a><br \/>\n<a href=\"http:\/\/www.dgm.ufla.br\/site\/wp-content\/uploads\/2017\/02\/PE-SRP-009.17-Fornecimento-de-indicador-qu\u00edmico-classe-6..pdf\">PE SRP 009.17 &#8211; Fornecimento de indicador qu\u00edmico classe 6.<\/a><br \/>\n<a href=\"http:\/\/www.dgm.ufla.br\/site\/wp-content\/uploads\/2017\/02\/PE-SRP-011.17-Fornecimento-de-microsc\u00f3pio-estereosc\u00f3pico-trinocular..pdf\">PE SRP 011.17 &#8211; Fornecimento de microsc\u00f3pio estereosc\u00f3pico trinocular.<\/a><br \/>\n<a href=\"http:\/\/www.dgm.ufla.br\/site\/wp-content\/uploads\/2017\/02\/PE-SRP-012.17-Fornecimento-de-suporte-de-televisores-lixeiras-articuladas-e-plugues-de-\u00e1udio..pdf\">PE SRP 012.17 &#8211; Fornecimento de suporte de televisores, lixeiras articuladas e plugues de \u00e1udio.<\/a><br \/>\n<a href=\"http:\/\/www.dgm.ufla.br\/site\/wp-content\/uploads\/2017\/02\/PE-SRP-015.17-Presta\u00e7\u00e3o-dos-servi\u00e7os-de-infraestrutura-para-eventos..pdf\">PE SRP 015.17 &#8211; Presta\u00e7\u00e3o dos servi\u00e7os de infraestrutura para eventos.<br \/>\n<\/a><a href=\"http:\/\/www.dgm.ufla.br\/site\/wp-content\/uploads\/2017\/02\/PE-SRP-014.17-Fornecimento-e-instala\u00e7\u00e3o-de-vidros-em-geral..pdf\">PE SRP 014.17 &#8211; Fornecimento e instala\u00e7\u00e3o de vidros em geral.<\/a><br \/>\n<a href=\"http:\/\/www.dgm.ufla.br\/site\/wp-content\/uploads\/2017\/02\/PE-SRP-016.17-Fornecimento-e-instala\u00e7\u00e3o-de-mesas-nos-formatos-circular-e-retangular..pdf\">PE SRP 016.17 &#8211; Fornecimento e instala\u00e7\u00e3o de mesas nos formatos circular e retangular.<\/a><br \/>\n<a href=\"http:\/\/www.dgm.ufla.br\/site\/wp-content\/uploads\/2017\/02\/PE-SRP-017.17-Fornecimento-de-kits-de-lanches..pdf\">PE SRP 017.17 &#8211; Fornecimento de kits de lanches.<\/a><br \/>\n<a href=\"http:\/\/www.dgm.ufla.br\/site\/wp-content\/uploads\/2017\/02\/PE-SRP-018.17-Presta\u00e7\u00e3o-dos-servi\u00e7os-de-encaderna\u00e7\u00e3o-e-restaura\u00e7\u00e3o-de-publica\u00e7\u00f5es..pdf\">PE SRP 018.17 &#8211; Presta\u00e7\u00e3o dos servi\u00e7os de encaderna\u00e7\u00e3o e restaura\u00e7\u00e3o de publica\u00e7\u00f5es.<br \/>\n<\/a><a href=\"http:\/\/www.dgm.ufla.br\/site\/wp-content\/uploads\/2017\/02\/PE-SRP-019.17-Fornecimento-de-g\u00eaneros-de-alimenta\u00e7\u00e3o..pdf\">PE SRP 019.17 &#8211; Fornecimento de g\u00eaneros de alimenta\u00e7\u00e3o.<br \/>\n<\/a><a href=\"http:\/\/www.dgm.ufla.br\/site\/wp-content\/uploads\/2017\/02\/EDITAL-PE-SRP-20-2017-AQUISICAO-DE-MATERIAIS-E-EQUIPAMENTOS-DE-AUDIO-E-VIDEO.pdf\">PE SRP 020.17 &#8211; Aquisi\u00e7\u00e3o de materiais de \u00e1udio e v\u00eddeo.<br \/>\n<\/a><a href=\"http:\/\/www.dgm.ufla.br\/site\/wp-content\/uploads\/2017\/02\/SRP-PE-021.17-Fornecimento-de-Livros.pdf\">PE SRP 021.17 &#8211; Fornecimento de Livros<\/a><a href=\"http:\/\/www.dgm.ufla.br\/site\/wp-content\/uploads\/2017\/02\/EDITAL-SRP-PE-021_17O-presente-Preg\u00e3o-Eletr\u00f4nico-tem-por-objeto-a-contrata\u00e7\u00e3o-de-empresas-especializadas-visando-ao-fornecimento-de-livros-de-diversas-\u00e1reas-do-conhecimento.pdf\">.<br \/>\n<\/a><a href=\"http:\/\/www.dgm.ufla.br\/site\/wp-content\/uploads\/2017\/02\/EDITAL-PE-SRP-22-2017-FERRAMENTAS-MANUAIS-I.pdf\">PE SRP 022.17 &#8211; Ferramentas Manuais I.<br \/>\n<\/a><a href=\"http:\/\/www.dgm.ufla.br\/site\/wp-content\/uploads\/2017\/02\/PE-SRP-026.17-Presta\u00e7\u00e3o-dos-servi\u00e7os-de-fornecimento-de-alimenta\u00e7\u00e3o-para-eventos..pdf\">PE SRP 026.17 &#8211; Presta\u00e7\u00e3o dos servi\u00e7os de fornecimento de alimenta\u00e7\u00e3o para eventos.<br \/>\n<\/a><a href=\"http:\/\/www.dgm.ufla.br\/site\/wp-content\/uploads\/2017\/02\/PE-028.17-Aquisi\u00e7\u00e3o-de-microcomputadores.pdf\">PE SRP 028.17 &#8211; Aquisi\u00e7\u00e3o de microcomputadores.<\/a><br \/>\n<a href=\"http:\/\/www.dgm.ufla.br\/site\/wp-content\/uploads\/2017\/02\/PE-SRP-030.17-Fornecimento-de-materiais-el\u00e9tricos-para-a-constru\u00e7\u00e3o-da-susta\u00e7\u00e3o-do-pr\u00e9dio-das-engenharias..pdf\">PE SRP 030.17 &#8211; Fornecimento de materiais el\u00e9tricos para a constru\u00e7\u00e3o da susta\u00e7\u00e3o do pr\u00e9dio das engenharias.<br \/>\n<\/a><a href=\"http:\/\/www.dgm.ufla.br\/site\/wp-content\/uploads\/2017\/02\/PE-SRP-031.17-Fornecimento-de-materiais-de-expediente..pdf\">PE SRP 031.17 &#8211; Fornecimento de materiais de expediente.<br \/>\n<\/a><a href=\"http:\/\/www.dgm.ufla.br\/site\/wp-content\/uploads\/2017\/02\/EDITAL-PE-SRP-0322017-Loca\u00e7\u00e3o-de-Pain\u00e9is.pdf\">PE SRP 032.17 &#8211; Presta\u00e7\u00e3o dos servi\u00e7os de loca\u00e7\u00e3o, transporte, montagem e desmontagem de pain\u00e9is para a exposi\u00e7\u00e3o de p\u00f4steres.<br \/>\n<\/a><a href=\"http:\/\/www.dgm.ufla.br\/site\/wp-content\/uploads\/2018\/02\/PE-SRP-033.17-FORNECIMENTO-Softtware-.pdf\">PE SRP 033.17 &#8211; Fornecimento de Softtware.<br \/>\n<\/a><a href=\"http:\/\/www.dgm.ufla.br\/site\/wp-content\/uploads\/2017\/02\/PE-SRP-034.17-Fornecimento-de-kits-de-lanches.-1.pdf\">PE SRP 034.17 &#8211; Fornecimento de kits de lanches.<\/a><br \/>\n<a href=\"http:\/\/www.dgm.ufla.br\/site\/wp-content\/uploads\/2017\/02\/PE-SRP-035.17-Fornecimento-de-materiais-para-pintura-parede-fechadura-eletr\u00f4nica-e-rod\u00edzios..pdf\">PE SRP 035.17 &#8211; Fornecimento de materiais para pintura (parede), fechadura eletr\u00f4nica e rod\u00edzios.<br \/>\n<\/a><a href=\"http:\/\/www.dgm.ufla.br\/site\/wp-content\/uploads\/2017\/02\/retificado-EDITAL-PE-SRP-36-2017.pdf\">PE SRP 036.17 &#8211; Fornecimento e troca de refis de carimbos.<br \/>\n<\/a><a href=\"http:\/\/www.dgm.ufla.br\/site\/wp-content\/uploads\/2017\/02\/Edital-SRP-037-2017-Fornecimento-de-alimentos-para-animais..pdf\">PE SRP 037.17 &#8211; Fornecimento de alimentos para animais.<br \/>\n<\/a><a href=\"http:\/\/www.dgm.ufla.br\/site\/wp-content\/uploads\/2017\/02\/PE-SRP-039.17-Fornecimento-de-Material-Hidraulico.pdf\">PE SRP 039.17 &#8211; Fornecimento de material hidr\u00e1ulico.<br \/>\n<\/a><a href=\"http:\/\/www.dgm.ufla.br\/site\/wp-content\/uploads\/2017\/02\/PE-SRP-040.17-Presta\u00e7\u00e3o-dos-servi\u00e7os-de-confec\u00e7\u00e3o-de-bon\u00e9s-camisetas-e-coletes..pdf\">PE SRP 040.17 &#8211; Presta\u00e7\u00e3o dos servi\u00e7os de confec\u00e7\u00e3o de bon\u00e9s, camisetas e coletes.<br \/>\n<\/a><a href=\"http:\/\/www.dgm.ufla.br\/site\/wp-content\/uploads\/2017\/02\/PE-SRP-41-Materiais-de-processamento-de-dados.-.pdf\">PE SRP 041.17 &#8211; Materiais de processamento de dados.<br \/>\n<\/a><a href=\"http:\/\/www.dgm.ufla.br\/site\/wp-content\/uploads\/2017\/02\/Edital-SRP-n-042-2017-Fornecimento-de-materiais-para-marcenaria..pdf\">PE SRP 042.17 &#8211; Fornecimento de materiais para marcenaria.<br \/>\n<\/a><a href=\"http:\/\/www.dgm.ufla.br\/site\/wp-content\/uploads\/2017\/02\/EDITAL-PE-43.2017.pdf\">PE SRP 043.17 &#8211; Fornecimento de materiais el\u00e9trico e eletr\u00f4nico.<br \/>\n<\/a><a href=\"http:\/\/www.dgm.ufla.br\/site\/wp-content\/uploads\/2017\/02\/PE-SRP-044.17-Equipamentos-de-processamentos-de-dados.pdf\">PE SRP 044.17 &#8211; Equipamentos de processamentos de dados.<br \/>\n<\/a><a href=\"http:\/\/www.dgm.ufla.br\/site\/wp-content\/uploads\/2017\/02\/PE-46.17-Fornecimento-de-material-para-uso-odontol\u00f3gico..pdf\">PE SRP 046.17 &#8211; Fornecimento de material para uso odontol\u00f3gico.<br \/>\n<\/a><a href=\"http:\/\/www.dgm.ufla.br\/site\/wp-content\/uploads\/2017\/02\/PE-SRP-047.17-Fornecimento-de-material-famacol\u00f3gico..pdf\">PE SRP 047.17 &#8211; Fornecimento de material farmacol\u00f3gico.<br \/>\n<\/a><a href=\"http:\/\/www.dgm.ufla.br\/site\/wp-content\/uploads\/2017\/02\/PE-SRP-48.17-Aquisi\u00e7\u00e3o-e-instala\u00e7\u00e3o-futura-de-casa-de-vegeta\u00e7\u00e3o-por-metro-quadrado..pdf\">PE SRP 048.17 &#8211; Aquisi\u00e7\u00e3o e instala\u00e7\u00e3o futura de casa de vegeta\u00e7\u00e3o por metro quadrado.<br \/>\n<\/a><a href=\"http:\/\/www.dgm.ufla.br\/site\/wp-content\/uploads\/2017\/11\/PE-SRP-049.17-Fornecimento-de-aparelhos-e-utens\u00edlios-dom\u00e9sticos-m\u00e1quinas-e-utens\u00edlios-de-escrit\u00f3rio..pdf\">PE SRP 049.17 &#8211; Fornecimento de aparelhos e utens\u00edlios dom\u00e9sticos, m\u00e1quinas e utens\u00edlios de escrit\u00f3rio.<br \/>\n<\/a><a href=\"http:\/\/www.dgm.ufla.br\/site\/wp-content\/uploads\/2017\/11\/PE-SRP-050.17-Fornecimento-de-maquinas-ferramentas-e-utens\u00edlios-de-oficina-equipamentos-hidr\u00e1ulicos-el\u00e9tricos-agr\u00edcolas-e-agropecu\u00e1rios..pdf\">PE SRP 050.17 &#8211; Fornecimento de maquinas, ferramentas e utens\u00edlios de oficina, equipamentos hidr\u00e1ulicos, el\u00e9tricos, agr\u00edcolas e agropecu\u00e1rios.<br \/>\n<\/a><a href=\"http:\/\/www.dgm.ufla.br\/site\/wp-content\/uploads\/2017\/02\/Edital-SRP-051-2017-Aquisicao-de-materiais-diversos-para-manutencao..pdf\">PE SRP 051.17 &#8211; Aquisi\u00e7\u00e3o de materiais diversos para manuten\u00e7\u00e3o.<br \/>\n<\/a><a href=\"http:\/\/www.dgm.ufla.br\/site\/wp-content\/uploads\/2017\/02\/PE-SRP-52-2017-Fornecimento-de-materiais-e-medicamentos-para-uso-veterin\u00e1rio.-pdf.pdf\">PE SRP 052.17 &#8211; Fornecimento de materiais e medicamentos para uso veterin\u00e1rio.<br \/>\n<\/a><a href=\"http:\/\/www.dgm.ufla.br\/site\/wp-content\/uploads\/2017\/02\/EDITAL-PE-53-SRP-ENVELOPES-PLASTICOS-DE-SEGURANCA-1.pdf\">PE SRP 053.17 &#8211; Envelopes pl\u00e1sticos de seguran\u00e7a.<br \/>\n<\/a><a href=\"http:\/\/www.dgm.ufla.br\/site\/wp-content\/uploads\/2017\/02\/PE-SRP-54-2017.pdf\">PE SRP 054.17 &#8211;\u00a0 Fornecimento de material para produ\u00e7\u00e3o industrial e de material.<br \/>\n<\/a><a href=\"http:\/\/www.dgm.ufla.br\/site\/wp-content\/uploads\/2017\/02\/PE-SRP-056.17-Fornecimento-de-material-hospital-veterin\u00e1rio..pdf\">PE SRP 056.17 &#8211; Fornecimento de material hospitalar veterin\u00e1rio.<br \/>\n<\/a><a href=\"http:\/\/www.dgm.ufla.br\/site\/wp-content\/uploads\/2017\/02\/PE-SRP-057.17-Fornecimento-de-mudas-de-plantas-e-sementes-diversas..pdf\">PE SRP 057.17 &#8211; Fornecimento de mudas de plantas e sementes diversas.<br \/>\n<\/a><a href=\"http:\/\/www.dgm.ufla.br\/site\/wp-content\/uploads\/2017\/02\/PE-058.17-Contrata\u00e7\u00e3o-de-empresas-especializadas-no-fornecimento-de-reagentes-e-solventes..pdf\">PE 058.17 &#8211; Contrata\u00e7\u00e3o de empresas especializadas no fornecimento de reagentes e solventes.<br \/>\n<\/a><a href=\"http:\/\/www.dgm.ufla.br\/site\/wp-content\/uploads\/2017\/02\/PE-SRP-59.17-Fornecimento-de-aparelhos-equipamentos-e-utens\u00edlios-m\u00e9dicos-odontol\u00f3gicos-laboratoriais-e-hospitalares-e-de-m\u00e1quinas-e-equipamentos-de-natureza-industrial.pdf\">PE SRP 059.17 &#8211; Fornecimento de aparelhos, equipamentos e utens\u00edlios m\u00e9dicos, odontol\u00f3gicos, laboratoriais e hospitalares e de m\u00e1quinas e equipamentos de natureza industrial.<br \/>\n<\/a><a href=\"http:\/\/www.dgm.ufla.br\/site\/wp-content\/uploads\/2017\/02\/PE-SRP-060.17-Aquisicao-de-insumos-agropecu\u00e1rios..pdf\">PE SRP 060.17 &#8211; Aquisi\u00e7\u00e3o de insumos agropecu\u00e1rios.<br \/>\n<\/a><a href=\"http:\/\/www.dgm.ufla.br\/site\/wp-content\/uploads\/2017\/02\/PE-SRP-062.17-Fornecimento-de-gases-engarrafados.pdf\">PE SRP 062.17 Fornecimento de gases engarrafados.<br \/>\n<\/a><a href=\"http:\/\/www.dgm.ufla.br\/site\/wp-content\/uploads\/2017\/02\/PE-SRP-065.17-Fornecimento-de-adubos..pdf\">PE SRP 065.17 &#8211; Fornecimento de adubos.<br \/>\n<\/a><a href=\"http:\/\/www.dgm.ufla.br\/site\/wp-content\/uploads\/2017\/02\/PE-SRP-066.17-Aquisi\u00e7\u00e3o-de-ativos-de-rede..pdf\">PE SRP 066.17 &#8211; Aquisi\u00e7\u00e3o de ativos de rede.<br \/>\n<\/a><a href=\"http:\/\/www.dgm.ufla.br\/site\/wp-content\/uploads\/2017\/02\/PE-SRP-067.17-Fornecimento-de-materiais-de-copa-e-cozinha-cama-e-mesa-uniformes-tecidos-e-aviamentos-e-preparado-s\u00f3lido-para-refresco..pdf\">PE SRP 067.17 &#8211; Fornecimento de materiais de copa e cozinha, cama e mesa, uniformes, tecidos e aviamentos e preparado s\u00f3lido para refresco.<br \/>\n<\/a><a href=\"http:\/\/www.dgm.ufla.br\/site\/wp-content\/uploads\/2017\/12\/PE-SRP-68-2017-Aquisicao-de-ferramentas-instrumentos-de-medicao-e-equipamentos-de-protecao-seguranca-e-socorro-para-atender-as-necessidades-da-UFLA.pdf\">PE SRP 068.17 -Aquisi\u00e7\u00e3o de ferramentas, instrumentos de medi\u00e7\u00e3o e equipamentos de prote\u00e7\u00e3o, seguran\u00e7a e socorro para atender as necessidades da UFLA.<br \/>\n<\/a><a href=\"http:\/\/www.dgm.ufla.br\/site\/wp-content\/uploads\/2017\/02\/PE-SRP-070.17-Fornecimento-de-materiais-para-manutencao-de-bens-e-imoveis.-1.pdf\">PE SRP 070.17 &#8211; Fornecimento de materiais para manuten\u00e7\u00e3o de bens e im\u00f3veis.<br \/>\n<\/a><a href=\"http:\/\/www.dgm.ufla.br\/site\/wp-content\/uploads\/2018\/01\/PE-SRP-072.17-Material-educativo-e-esportivo-e-aparelhos-e-equip.-para-esport.pdf\">PE SRP 072.17 &#8211; Fornecimento de material educativo e esportivo e aparelhos e equipamentos para esportes e divers\u00f5es. (Suspenso)<br \/>\n<\/a><a href=\"http:\/\/www.dgm.ufla.br\/site\/wp-content\/uploads\/2017\/11\/PE-SRP-73.17-Fornecimento-de-Carteira-Escolar-com-Prancheta-Universitaria..pdf\">PE SRP 073.17 &#8211; Fornecimento de Carteira Escolar com Prancheta Universitaria.<br \/>\n<\/a><a href=\"http:\/\/www.dgm.ufla.br\/site\/wp-content\/uploads\/2017\/11\/PE-SRP-074.17-Contratacao-de-empresas-para-impressao-de-livros..pdf\">PE SRP 074.17 &#8211; Contrata\u00e7\u00e3o de empresas para impress\u00e3o de livros.<br \/>\n<\/a><a href=\"http:\/\/www.dgm.ufla.br\/site\/wp-content\/uploads\/2017\/11\/PE-SRP-077.17-Aquisi\u00e7\u00e3o-de-m\u00f3veis-para-creche.pdf\">PE SRP 077.17 &#8211; Fornecimento de M\u00f3veis, do tipo menor pre\u00e7o por item.<br \/>\n<\/a><a href=\"http:\/\/www.dgm.ufla.br\/site\/wp-content\/uploads\/2017\/11\/EDITAL-SRP-FORNECIMENTO-DE-TRATAMENTO-DE-\u00c1GUA.pdf\">PE SRP 080.17 &#8211;\u00a0 Fornecimento de tratamento de \u00e1gua.<br \/>\n<\/a><a href=\"http:\/\/www.dgm.ufla.br\/site\/wp-content\/uploads\/2017\/12\/PE-SRP-081.17-Fornecimento-de-Equipamentos-para-Laboratorio-e-outros..pdf\">PE SRP 081.17 &#8211; Fornecimento de Equipamentos para Laboratorio e outros.<br \/>\n<\/a><a href=\"http:\/\/www.dgm.ufla.br\/site\/wp-content\/uploads\/2017\/11\/PE-SRP-082.17-Fornecimento-de-forno-de-alta-temperatura-com-base-m\u00f3vel.pdf\">PE SRP 082.17 &#8211; Fornecimento de forno de alta temperatura com base m\u00f3vel.<\/a><a href=\"http:\/\/www.dgm.ufla.br\/site\/wp-content\/uploads\/2017\/12\/PE-SRP-083.17-fornecimento-de-g\u00eaneros-de-alimenta\u00e7\u00e3o-material-de-copa-e-cozinha-produtos-de-higieniza\u00e7\u00e3o-e-material-hospitalar.pdf\"><br \/>\nPE SRP 083.17 &#8211; Fornecimento de g\u00eaneros de alimenta\u00e7\u00e3o, material de copa e cozinha, produtos de higieniza\u00e7\u00e3o e material hospitalar. (Suspenso)<br \/>\n<\/a><a href=\"http:\/\/www.dgm.ufla.br\/site\/wp-content\/uploads\/2017\/12\/PE-SRP-084.17-FORNECIMENTO-DE-SOLU\u00c7\u00c3O-DE-CALIBRA\u00c7\u00c3O.pdf\">PE SRP 084.17 Fornecimento de solu\u00e7\u00e3o de calibra\u00e7\u00e3o.<br \/>\n<\/a><a href=\"http:\/\/www.dgm.ufla.br\/site\/wp-content\/uploads\/2017\/12\/PE-SRP-85.17-Fornecimento-de-ultrassom-Color-Doppler-e-de-guia-de-aspira\u00e7\u00e3o-folicular-2-1.pdf\">PE SRP 085.17 &#8211; Fornecimento de ultrassom Color Doppler e de guia de aspira\u00e7\u00e3o folicular. (Suspenso)<br \/>\n<\/a><a href=\"http:\/\/www.dgm.ufla.br\/site\/wp-content\/uploads\/2017\/11\/PE-SRP-086.17-Fornecimento-de-conjunto-de-mesa-com-cadeira-infantil..pdf\">PE SRP 086.17 &#8211; Fornecimento de conjunto de mesa com cadeira infantil, do tipo menor pre\u00e7os por item.<br \/>\n<\/a><a href=\"http:\/\/www.dgm.ufla.br\/site\/wp-content\/uploads\/2017\/12\/PE-SRP-087-2017-Fornecimento-de-Aparelhos-de-Medicao-e-Orientacao-Caixa-Dagua-e-Persianas..pdf\">PE SRP 087.17 &#8211; Fornecimento de Aparelhos de Medi\u00e7\u00e3o e Orienta\u00e7\u00e3o, Caixa D&#8217;agua e Persianas.<br \/>\n<\/a><a href=\"http:\/\/www.dgm.ufla.br\/site\/wp-content\/uploads\/2017\/12\/PE-SRP-089.17-Fornecimento-de-calend\u00e1rios-e-sacolas-de-papel.pdf\">PE SRP 089.17 &#8211; Fornecimento de calend\u00e1rios e sacolas de papel.<br \/>\n<\/a><a href=\"http:\/\/www.dgm.ufla.br\/site\/wp-content\/uploads\/2018\/02\/PE-SRP-090.17-Fornecimento-de-Equipamentos-Diversos.pdf\">PE SRP 090.17 &#8211; Fornecimento de Equipamentos Diversos<\/a>.<br \/>\n<a href=\"http:\/\/www.dgm.ufla.br\/site\/wp-content\/uploads\/2017\/12\/PE-SRP-091.17-Aquisi\u00e7\u00e3o-de-material-educativo-e-esportivo-para-a-creche..pdf\">PE SRP 091.17 &#8211; Aquisi\u00e7\u00e3o de material educativo e esportivo para a creche.<br \/>\n<\/a><a href=\"http:\/\/www.dgm.ufla.br\/site\/wp-content\/uploads\/2017\/12\/PE-SRP-093.17-Fornecimento-de-publica\u00e7\u00f5es-importadas-de-diversas-\u00e1reas-do-conhecimento.pdf\">PE SRP 093.17 &#8211; Fornecimento de publica\u00e7\u00f5es importadas de diversas \u00e1reas do conhecimento.<br \/>\n<\/a><\/p>\n<p>&nbsp;<\/p>\n","protected":false},"excerpt":{"rendered":"<p>TRADICIONAL\u00a0 PE 002.17 &#8211; Presta\u00e7\u00e3o continuada de Servi\u00e7o de Telefonia Fixa Comutada &#8211; STFC. \u00a0(ENCERRADO &#8211; SEM VENCEDOR). PE 003.17 &#8211; Presta\u00e7\u00e3o dos servi\u00e7os de manuten\u00e7\u00e3o preventiva e manuten\u00e7\u00e3o corretiva de equipamentos odontol\u00f3gicos com fornecimentos de pe\u00e7as. PE 008.17 &#8211; Presta\u00e7\u00e3o continuada de servi\u00e7o de telefonia fixa comutada STFC. PE 010.17 &#8211; Presta\u00e7\u00e3o dos servi\u00e7os &hellip; <a href=\"http:\/\/www.dgm.ufla.br\/site\/licitacao-ufla\/e2017\/pregoes-eletronicos-2017\/\" class=\"more-link\">Continue lendo <span class=\"screen-reader-text\">Preg\u00f5es Eletr\u00f4nicos<\/span> <span class=\"meta-nav\">&rarr;<\/span><\/a><\/p>\n","protected":false},"author":3,"featured_media":0,"parent":724,"menu_order":0,"comment_status":"closed","ping_status":"closed","template":"","meta":[],"_links":{"self":[{"href":"http:\/\/www.dgm.ufla.br\/site\/wp-json\/wp\/v2\/pages\/728"}],"collection":[{"href":"http:\/\/www.dgm.ufla.br\/site\/wp-json\/wp\/v2\/pages"}],"about":[{"href":"http:\/\/www.dgm.ufla.br\/site\/wp-json\/wp\/v2\/types\/page"}],"author":[{"embeddable":true,"href":"http:\/\/www.dgm.ufla.br\/site\/wp-json\/wp\/v2\/users\/3"}],"replies":[{"embeddable":true,"href":"http:\/\/www.dgm.ufla.br\/site\/wp-json\/wp\/v2\/comments?post=728"}],"version-history":[{"count":107,"href":"http:\/\/www.dgm.ufla.br\/site\/wp-json\/wp\/v2\/pages\/728\/revisions"}],"predecessor-version":[{"id":890,"href":"http:\/\/www.dgm.ufla.br\/site\/wp-json\/wp\/v2\/pages\/728\/revisions\/890"}],"up":[{"embeddable":true,"href":"http:\/\/www.dgm.ufla.br\/site\/wp-json\/wp\/v2\/pages\/724"}],"wp:attachment":[{"href":"http:\/\/www.dgm.ufla.br\/site\/wp-json\/wp\/v2\/media?parent=728"}],"curies":[{"name":"wp","href":"https:\/\/api.w.org\/{rel}","templated":true}]}}